{"id":3415,"date":"2026-01-16T15:25:11","date_gmt":"2026-01-16T15:25:11","guid":{"rendered":"https:\/\/merzougabirding.com\/?page_id=3415"},"modified":"2024-04-21T10:02:53","modified_gmt":"2024-04-21T10:02:53","slug":"1-journee-complete-dobservation-des-oiseaux-a-merzouga","status":"publish","type":"page","link":"https:\/\/merzougabirding.com\/fr\/1-journee-complete-dobservation-des-oiseaux-a-merzouga\/","title":{"rendered":"1 journ\u00e9e compl\u00e8te d&rsquo;observation des oiseaux \u00e0 Merzouga"},"content":{"rendered":"\t\t<div data-elementor-type=\"wp-page\" data-elementor-id=\"3415\" class=\"elementor elementor-3415 elementor-4370\" data-elementor-post-type=\"page\">\n\t\t\t\t\t\t<section class=\"elementor-section elementor-top-section elementor-element elementor-element-e50f1c4 elementor-section-boxed elementor-section-height-default elementor-section-height-default\" data-id=\"e50f1c4\" data-element_type=\"section\" data-e-type=\"section\">\n\t\t\t\t\t\t<div class=\"elementor-container elementor-column-gap-default\">\n\t\t\t\t\t<div class=\"elementor-column elementor-col-100 elementor-top-column elementor-element elementor-element-2cd358d\" data-id=\"2cd358d\" data-element_type=\"column\" data-e-type=\"column\">\n\t\t\t<div class=\"elementor-widget-wrap elementor-element-populated\">\n\t\t\t\t\t\t<div class=\"elementor-element elementor-element-f617307 elementor-widget elementor-widget-heading\" data-id=\"f617307\" data-element_type=\"widget\" data-e-type=\"widget\" data-widget_type=\"heading.default\">\n\t\t\t\t<div class=\"elementor-widget-container\">\n\t\t\t\t\t<h2 class=\"elementor-heading-title elementor-size-default\">1 journ\u00e9e compl\u00e8te d'observation des oiseaux \u00e0 Merzouga<\/h2>\t\t\t\t<\/div>\n\t\t\t\t<\/div>\n\t\t\t\t\t<\/div>\n\t\t<\/div>\n\t\t\t\t\t<\/div>\n\t\t<\/section>\n\t\t\t\t<section class=\"elementor-section elementor-top-section elementor-element elementor-element-3a0cc4c elementor-section-boxed elementor-section-height-default elementor-section-height-default\" data-id=\"3a0cc4c\" data-element_type=\"section\" data-e-type=\"section\">\n\t\t\t\t\t\t<div class=\"elementor-container elementor-column-gap-default\">\n\t\t\t\t\t<div class=\"elementor-column elementor-col-100 elementor-top-column elementor-element elementor-element-6ce75e7\" data-id=\"6ce75e7\" data-element_type=\"column\" data-e-type=\"column\">\n\t\t\t<div class=\"elementor-widget-wrap elementor-element-populated\">\n\t\t\t\t\t\t<div class=\"elementor-element elementor-element-982e5b9 elementor-widget elementor-widget-text-editor\" data-id=\"982e5b9\" data-element_type=\"widget\" data-e-type=\"widget\" data-widget_type=\"text-editor.default\">\n\t\t\t\t<div class=\"elementor-widget-container\">\n\t\t\t\t\t\t\t\t\t<p>1 journ\u00e9e compl\u00e8te d&rsquo;observation des oiseaux de Merzouga est une excursion avec un guide local o\u00f9 vous d\u00e9couvrirez les oiseaux les plus rares du d\u00e9sert et apprendrez leur comportement et leurs habitats dans le d\u00e9sert de Merzouga.<\/p>\t\t\t\t\t\t\t\t<\/div>\n\t\t\t\t<\/div>\n\t\t\t\t\t<\/div>\n\t\t<\/div>\n\t\t\t\t\t<\/div>\n\t\t<\/section>\n\t\t\t\t<section class=\"elementor-section elementor-top-section elementor-element elementor-element-7db1ab1 elementor-section-boxed elementor-section-height-default elementor-section-height-default\" data-id=\"7db1ab1\" data-element_type=\"section\" data-e-type=\"section\">\n\t\t\t\t\t\t<div class=\"elementor-container elementor-column-gap-default\">\n\t\t\t\t\t<div class=\"elementor-column elementor-col-100 elementor-top-column elementor-element elementor-element-fed89e3\" data-id=\"fed89e3\" data-element_type=\"column\" data-e-type=\"column\">\n\t\t\t<div class=\"elementor-widget-wrap elementor-element-populated\">\n\t\t\t\t\t\t<div class=\"elementor-element elementor-element-236e466 elementor-widget elementor-widget-gallery\" data-id=\"236e466\" data-element_type=\"widget\" data-e-type=\"widget\" data-settings=\"{&quot;lazyload&quot;:&quot;yes&quot;,&quot;gallery_layout&quot;:&quot;grid&quot;,&quot;columns&quot;:4,&quot;columns_tablet&quot;:2,&quot;columns_mobile&quot;:1,&quot;gap&quot;:{&quot;unit&quot;:&quot;px&quot;,&quot;size&quot;:10,&quot;sizes&quot;:[]},&quot;gap_tablet&quot;:{&quot;unit&quot;:&quot;px&quot;,&quot;size&quot;:10,&quot;sizes&quot;:[]},&quot;gap_mobile&quot;:{&quot;unit&quot;:&quot;px&quot;,&quot;size&quot;:10,&quot;sizes&quot;:[]},&quot;link_to&quot;:&quot;file&quot;,&quot;aspect_ratio&quot;:&quot;3:2&quot;,&quot;overlay_background&quot;:&quot;yes&quot;,&quot;content_hover_animation&quot;:&quot;fade-in&quot;}\" data-widget_type=\"gallery.default\">\n\t\t\t\t<div class=\"elementor-widget-container\">\n\t\t\t\t\t\t\t<div class=\"elementor-gallery__container\">\n\t\t\t\t\t\t\t<a class=\"e-gallery-item elementor-gallery-item elementor-animated-content\" href=\"https:\/\/merzougabirding.com\/wp-content\/uploads\/2024\/04\/Trumpeter-Finch.jpg\" data-elementor-open-lightbox=\"yes\" data-elementor-lightbox-slideshow=\"236e466\" data-elementor-lightbox-title=\"Trumpeter Finch\" data-e-action-hash=\"#elementor-action%3Aaction%3Dlightbox%26settings%3DeyJpZCI6MzMxMiwidXJsIjoiaHR0cHM6XC9cL21lcnpvdWdhYmlyZGluZy5jb21cL3dwLWNvbnRlbnRcL3VwbG9hZHNcLzIwMjRcLzA0XC9UcnVtcGV0ZXItRmluY2guanBnIiwic2xpZGVzaG93IjoiMjM2ZTQ2NiJ9\">\n\t\t\t\t\t<div class=\"e-gallery-image elementor-gallery-item__image\" data-thumbnail=\"https:\/\/merzougabirding.com\/wp-content\/uploads\/2024\/04\/Trumpeter-Finch-300x200.jpg\" data-width=\"300\" data-height=\"200\" aria-label=\"Trumpeter Finch\" role=\"img\" ><\/div>\n\t\t\t\t\t\t\t\t\t\t\t<div class=\"elementor-gallery-item__overlay\"><\/div>\n\t\t\t\t\t\t\t\t\t\t\t\t\t\t<\/a>\n\t\t\t\t\t\t\t<a class=\"e-gallery-item elementor-gallery-item elementor-animated-content\" href=\"https:\/\/merzougabirding.com\/wp-content\/uploads\/2024\/04\/Spotted-sandgrouses-birds.jpg\" data-elementor-open-lightbox=\"yes\" data-elementor-lightbox-slideshow=\"236e466\" data-elementor-lightbox-title=\"Spotted sandgrouses birds\" data-e-action-hash=\"#elementor-action%3Aaction%3Dlightbox%26settings%3DeyJpZCI6MzMxMSwidXJsIjoiaHR0cHM6XC9cL21lcnpvdWdhYmlyZGluZy5jb21cL3dwLWNvbnRlbnRcL3VwbG9hZHNcLzIwMjRcLzA0XC9TcG90dGVkLXNhbmRncm91c2VzLWJpcmRzLmpwZyIsInNsaWRlc2hvdyI6IjIzNmU0NjYifQ%3D%3D\">\n\t\t\t\t\t<div class=\"e-gallery-image elementor-gallery-item__image\" data-thumbnail=\"https:\/\/merzougabirding.com\/wp-content\/uploads\/2024\/04\/Spotted-sandgrouses-birds-300x200.jpg\" data-width=\"300\" data-height=\"200\" aria-label=\"Spotted sandgrouses birds\" role=\"img\" ><\/div>\n\t\t\t\t\t\t\t\t\t\t\t<div class=\"elementor-gallery-item__overlay\"><\/div>\n\t\t\t\t\t\t\t\t\t\t\t\t\t\t<\/a>\n\t\t\t\t\t\t\t<a class=\"e-gallery-item elementor-gallery-item elementor-animated-content\" href=\"https:\/\/merzougabirding.com\/wp-content\/uploads\/2024\/04\/Desert-Sparrow.jpg\" data-elementor-open-lightbox=\"yes\" data-elementor-lightbox-slideshow=\"236e466\" data-elementor-lightbox-title=\"Desert Sparrow bird\" data-e-action-hash=\"#elementor-action%3Aaction%3Dlightbox%26settings%3DeyJpZCI6MzMxMCwidXJsIjoiaHR0cHM6XC9cL21lcnpvdWdhYmlyZGluZy5jb21cL3dwLWNvbnRlbnRcL3VwbG9hZHNcLzIwMjRcLzA0XC9EZXNlcnQtU3BhcnJvdy5qcGciLCJzbGlkZXNob3ciOiIyMzZlNDY2In0%3D\">\n\t\t\t\t\t<div class=\"e-gallery-image elementor-gallery-item__image\" data-thumbnail=\"https:\/\/merzougabirding.com\/wp-content\/uploads\/2024\/04\/Desert-Sparrow-300x200.jpg\" data-width=\"300\" data-height=\"200\" aria-label=\"Desert Sparrow bird\" role=\"img\" ><\/div>\n\t\t\t\t\t\t\t\t\t\t\t<div class=\"elementor-gallery-item__overlay\"><\/div>\n\t\t\t\t\t\t\t\t\t\t\t\t\t\t<\/a>\n\t\t\t\t\t\t\t<a class=\"e-gallery-item elementor-gallery-item elementor-animated-content\" href=\"https:\/\/merzougabirding.com\/wp-content\/uploads\/2024\/04\/Fulvous-babbler.jpg\" data-elementor-open-lightbox=\"yes\" data-elementor-lightbox-slideshow=\"236e466\" data-elementor-lightbox-title=\"Fulvous babbler\" data-e-action-hash=\"#elementor-action%3Aaction%3Dlightbox%26settings%3DeyJpZCI6MzMxMywidXJsIjoiaHR0cHM6XC9cL21lcnpvdWdhYmlyZGluZy5jb21cL3dwLWNvbnRlbnRcL3VwbG9hZHNcLzIwMjRcLzA0XC9GdWx2b3VzLWJhYmJsZXIuanBnIiwic2xpZGVzaG93IjoiMjM2ZTQ2NiJ9\">\n\t\t\t\t\t<div class=\"e-gallery-image elementor-gallery-item__image\" data-thumbnail=\"https:\/\/merzougabirding.com\/wp-content\/uploads\/2024\/04\/Fulvous-babbler-300x200.jpg\" data-width=\"300\" data-height=\"200\" aria-label=\"Fulvous babbler\" role=\"img\" ><\/div>\n\t\t\t\t\t\t\t\t\t\t\t<div class=\"elementor-gallery-item__overlay\"><\/div>\n\t\t\t\t\t\t\t\t\t\t\t\t\t\t<\/a>\n\t\t\t\t\t\t\t<a class=\"e-gallery-item elementor-gallery-item elementor-animated-content\" href=\"https:\/\/merzougabirding.com\/wp-content\/uploads\/2024\/04\/Merzouga-Birding-local-guide.jpg\" data-elementor-open-lightbox=\"yes\" data-elementor-lightbox-slideshow=\"236e466\" data-elementor-lightbox-title=\"Merzouga Birding local guide\" data-e-action-hash=\"#elementor-action%3Aaction%3Dlightbox%26settings%3DeyJpZCI6MzMxNCwidXJsIjoiaHR0cHM6XC9cL21lcnpvdWdhYmlyZGluZy5jb21cL3dwLWNvbnRlbnRcL3VwbG9hZHNcLzIwMjRcLzA0XC9NZXJ6b3VnYS1CaXJkaW5nLWxvY2FsLWd1aWRlLmpwZyIsInNsaWRlc2hvdyI6IjIzNmU0NjYifQ%3D%3D\">\n\t\t\t\t\t<div class=\"e-gallery-image elementor-gallery-item__image\" data-thumbnail=\"https:\/\/merzougabirding.com\/wp-content\/uploads\/2024\/04\/Merzouga-Birding-local-guide-300x200.jpg\" data-width=\"300\" data-height=\"200\" aria-label=\"Merzouga Birding local guide\" role=\"img\" ><\/div>\n\t\t\t\t\t\t\t\t\t\t\t<div class=\"elementor-gallery-item__overlay\"><\/div>\n\t\t\t\t\t\t\t\t\t\t\t\t\t\t<\/a>\n\t\t\t\t\t\t\t<a class=\"e-gallery-item elementor-gallery-item elementor-animated-content\" href=\"https:\/\/merzougabirding.com\/wp-content\/uploads\/2024\/04\/Greater-hoopoe-lark-3.jpg\" data-elementor-open-lightbox=\"yes\" data-elementor-lightbox-slideshow=\"236e466\" data-elementor-lightbox-title=\"Greater hoopoe lark\" data-e-action-hash=\"#elementor-action%3Aaction%3Dlightbox%26settings%3DeyJpZCI6MzMxNSwidXJsIjoiaHR0cHM6XC9cL21lcnpvdWdhYmlyZGluZy5jb21cL3dwLWNvbnRlbnRcL3VwbG9hZHNcLzIwMjRcLzA0XC9HcmVhdGVyLWhvb3BvZS1sYXJrLTMuanBnIiwic2xpZGVzaG93IjoiMjM2ZTQ2NiJ9\">\n\t\t\t\t\t<div class=\"e-gallery-image elementor-gallery-item__image\" data-thumbnail=\"https:\/\/merzougabirding.com\/wp-content\/uploads\/2024\/04\/Greater-hoopoe-lark-3-300x200.jpg\" data-width=\"300\" data-height=\"200\" aria-label=\"Greater hoopoe lark\" role=\"img\" ><\/div>\n\t\t\t\t\t\t\t\t\t\t\t<div class=\"elementor-gallery-item__overlay\"><\/div>\n\t\t\t\t\t\t\t\t\t\t\t\t\t\t<\/a>\n\t\t\t\t\t<\/div>\n\t\t\t\t\t<\/div>\n\t\t\t\t<\/div>\n\t\t\t\t\t<\/div>\n\t\t<\/div>\n\t\t\t\t\t<\/div>\n\t\t<\/section>\n\t\t\t\t<section class=\"elementor-section elementor-top-section elementor-element elementor-element-f621bc5 elementor-section-boxed elementor-section-height-default elementor-section-height-default\" data-id=\"f621bc5\" data-element_type=\"section\" data-e-type=\"section\">\n\t\t\t\t\t\t<div class=\"elementor-container elementor-column-gap-default\">\n\t\t\t\t\t<div class=\"elementor-column elementor-col-50 elementor-top-column elementor-element elementor-element-414a69b\" data-id=\"414a69b\" data-element_type=\"column\" data-e-type=\"column\">\n\t\t\t<div class=\"elementor-widget-wrap elementor-element-populated\">\n\t\t\t\t\t\t<div class=\"elementor-element elementor-element-cf94fc4 elementor-widget elementor-widget-text-editor\" data-id=\"cf94fc4\" data-element_type=\"widget\" data-e-type=\"widget\" data-widget_type=\"text-editor.default\">\n\t\t\t\t<div class=\"elementor-widget-container\">\n\t\t\t\t\t\t\t\t\t<p>Pour faire l&rsquo;excursion ornithologique \u00e0 Merzouga pour les ornithologues, vous devez arriver un jour avant la date de d\u00e9part car vous commencerez votre voyage t\u00f4t avant le lever du soleil. Le guide local viendra vous chercher \u00e0 votre h\u00f4tel et vous commencerez votre excursion en voiture 4&#215;4.<\/p><p>Avant le d\u00e9part, vous devez prendre un sandwich avec vous pour faire un pique-nique en milieu de journ\u00e9e sous un arbre dans le d\u00e9sert noir pour continuer \u00e0 chercher vos oiseaux cibles.<\/p><p><br \/>la premi\u00e8re destination est un site o\u00f9 vous trouverez des grouses tachet\u00e9es et couronn\u00e9es dans un petit lac o\u00f9 elles s&rsquo;abreuvent. vous aurez assez de temps pour prendre des photos d&rsquo;elles. suivent d&rsquo;autres oiseaux dont le bruant du d\u00e9sert, l&rsquo;alouette hulotte, l&rsquo;engoulevent d&rsquo;Egypte, la pie-gri\u00e8che grise, la fauvette de Tristram, le coursier cr\u00e8me, le bouvreuil fulvineux, le bulleur fulvineux, le traquet du d\u00e9sert, le traquet noir, la fauvette du d\u00e9sert africain, le roselin trompette&#8230;<\/p><p>dans une rivi\u00e8re ass\u00e9ch\u00e9e pr\u00e8s de l&rsquo;Erg-Chebbi, il y a 30 % de chances d&rsquo;apercevoir l&rsquo;un des oiseaux de proie du d\u00e9sert, comme le faucon de Barbarie. Une fois l&rsquo;excursion autour de l&rsquo;erg-Chebbi termin\u00e9e, vous retournerez \u00e0 HassiLabiad, situ\u00e9 pr\u00e8s de Merzouga Igran, o\u00f9 se trouvent de nombreux champs o\u00f9 vous pourrez observer des oiseaux tels que la colombe rieuse, la fauvette de Tristram, le moineau domestique, le traquet motteux&#8230;<\/p><p>Si vous \u00eates int\u00e9ress\u00e9s, n&rsquo;h\u00e9sitez pas \u00e0 nous contacter.<\/p>\t\t\t\t\t\t\t\t<\/div>\n\t\t\t\t<\/div>\n\t\t\t\t\t<\/div>\n\t\t<\/div>\n\t\t\t\t<div class=\"elementor-column elementor-col-50 elementor-top-column elementor-element elementor-element-aa0bd03\" data-id=\"aa0bd03\" data-element_type=\"column\" data-e-type=\"column\">\n\t\t\t<div class=\"elementor-widget-wrap elementor-element-populated\">\n\t\t\t\t\t\t<div class=\"elementor-element elementor-element-9628e9d elementor-widget elementor-widget-text-editor\" data-id=\"9628e9d\" data-element_type=\"widget\" data-e-type=\"widget\" data-widget_type=\"text-editor.default\">\n\t\t\t\t<div class=\"elementor-widget-container\">\n\t\t\t\t\t\t\t\t\t<p>Ce qu&rsquo;il faut apporter<\/p>\t\t\t\t\t\t\t\t<\/div>\n\t\t\t\t<\/div>\n\t\t\t\t<div class=\"elementor-element elementor-element-49f448f elementor-icon-list--layout-traditional elementor-list-item-link-full_width elementor-widget elementor-widget-icon-list\" data-id=\"49f448f\" data-element_type=\"widget\" data-e-type=\"widget\" data-widget_type=\"icon-list.default\">\n\t\t\t\t<div class=\"elementor-widget-container\">\n\t\t\t\t\t\t\t<ul class=\"elementor-icon-list-items\">\n\t\t\t\t\t\t\t<li class=\"elementor-icon-list-item\">\n\t\t\t\t\t\t\t\t\t\t\t<span class=\"elementor-icon-list-icon\">\n\t\t\t\t\t\t\t<i aria-hidden=\"true\" class=\"fas fa-check\"><\/i>\t\t\t\t\t\t<\/span>\n\t\t\t\t\t\t\t\t\t\t<span class=\"elementor-icon-list-text\">Jumelles<\/span>\n\t\t\t\t\t\t\t\t\t<\/li>\n\t\t\t\t\t\t\t\t<li class=\"elementor-icon-list-item\">\n\t\t\t\t\t\t\t\t\t\t\t<span class=\"elementor-icon-list-icon\">\n\t\t\t\t\t\t\t<i aria-hidden=\"true\" class=\"fas fa-check\"><\/i>\t\t\t\t\t\t<\/span>\n\t\t\t\t\t\t\t\t\t\t<span class=\"elementor-icon-list-text\">Un appareil photo avec un bon zoom<\/span>\n\t\t\t\t\t\t\t\t\t<\/li>\n\t\t\t\t\t\t\t\t<li class=\"elementor-icon-list-item\">\n\t\t\t\t\t\t\t\t\t\t\t<span class=\"elementor-icon-list-icon\">\n\t\t\t\t\t\t\t<i aria-hidden=\"true\" class=\"fas fa-check\"><\/i>\t\t\t\t\t\t<\/span>\n\t\t\t\t\t\t\t\t\t\t<span class=\"elementor-icon-list-text\">Cr\u00e8me solaire, chapeau et lunettes de soleil<\/span>\n\t\t\t\t\t\t\t\t\t<\/li>\n\t\t\t\t\t\t\t\t<li class=\"elementor-icon-list-item\">\n\t\t\t\t\t\t\t\t\t\t\t<span class=\"elementor-icon-list-icon\">\n\t\t\t\t\t\t\t<i aria-hidden=\"true\" class=\"fas fa-check\"><\/i>\t\t\t\t\t\t<\/span>\n\t\t\t\t\t\t\t\t\t\t<span class=\"elementor-icon-list-text\">Chaussures de marche confortables<\/span>\n\t\t\t\t\t\t\t\t\t<\/li>\n\t\t\t\t\t\t\t\t<li class=\"elementor-icon-list-item\">\n\t\t\t\t\t\t\t\t\t\t\t<span class=\"elementor-icon-list-icon\">\n\t\t\t\t\t\t\t<i aria-hidden=\"true\" class=\"fas fa-check\"><\/i>\t\t\t\t\t\t<\/span>\n\t\t\t\t\t\t\t\t\t\t<span class=\"elementor-icon-list-text\">L'eau<\/span>\n\t\t\t\t\t\t\t\t\t<\/li>\n\t\t\t\t\t\t\t\t<li class=\"elementor-icon-list-item\">\n\t\t\t\t\t\t\t\t\t\t\t<span class=\"elementor-icon-list-icon\">\n\t\t\t\t\t\t\t<i aria-hidden=\"true\" class=\"fas fa-check\"><\/i>\t\t\t\t\t\t<\/span>\n\t\t\t\t\t\t\t\t\t\t<span class=\"elementor-icon-list-text\">En-cas<\/span>\n\t\t\t\t\t\t\t\t\t<\/li>\n\t\t\t\t\t\t\t\t<li class=\"elementor-icon-list-item\">\n\t\t\t\t\t\t\t\t\t\t\t<span class=\"elementor-icon-list-icon\">\n\t\t\t\t\t\t\t<i aria-hidden=\"true\" class=\"fas fa-check\"><\/i>\t\t\t\t\t\t<\/span>\n\t\t\t\t\t\t\t\t\t\t<span class=\"elementor-icon-list-text\">Un champ d'application mais facultatif<\/span>\n\t\t\t\t\t\t\t\t\t<\/li>\n\t\t\t\t\t\t<\/ul>\n\t\t\t\t\t\t<\/div>\n\t\t\t\t<\/div>\n\t\t\t\t\t<\/div>\n\t\t<\/div>\n\t\t\t\t\t<\/div>\n\t\t<\/section>\n\t\t\t\t<section class=\"elementor-section elementor-top-section elementor-element elementor-element-fb3baf6 elementor-section-boxed elementor-section-height-default elementor-section-height-default\" data-id=\"fb3baf6\" data-element_type=\"section\" data-e-type=\"section\">\n\t\t\t\t\t\t\t<div class=\"elementor-background-overlay\"><\/div>\n\t\t\t\t\t\t\t<div class=\"elementor-container elementor-column-gap-default\">\n\t\t\t\t\t<div class=\"elementor-column elementor-col-100 elementor-top-column elementor-element elementor-element-3430a0b\" data-id=\"3430a0b\" data-element_type=\"column\" data-e-type=\"column\">\n\t\t\t<div class=\"elementor-widget-wrap elementor-element-populated\">\n\t\t\t\t\t\t<div class=\"elementor-element elementor-element-f830401 elementor-widget elementor-widget-heading\" data-id=\"f830401\" data-element_type=\"widget\" data-e-type=\"widget\" data-widget_type=\"heading.default\">\n\t\t\t\t<div class=\"elementor-widget-container\">\n\t\t\t\t\t<h2 class=\"elementor-heading-title elementor-size-default\">Oiseaux \u00e0 voir \u00e0 Merzouga<\/h2>\t\t\t\t<\/div>\n\t\t\t\t<\/div>\n\t\t\t\t<section class=\"elementor-section elementor-inner-section elementor-element elementor-element-aaf7eda elementor-section-boxed elementor-section-height-default elementor-section-height-default\" data-id=\"aaf7eda\" data-element_type=\"section\" data-e-type=\"section\">\n\t\t\t\t\t\t<div class=\"elementor-container elementor-column-gap-default\">\n\t\t\t\t\t<div class=\"elementor-column elementor-col-50 elementor-inner-column elementor-element elementor-element-7be9b7f\" data-id=\"7be9b7f\" data-element_type=\"column\" data-e-type=\"column\">\n\t\t\t<div class=\"elementor-widget-wrap elementor-element-populated\">\n\t\t\t\t\t\t<div class=\"elementor-element elementor-element-bd9a675 elementor-widget elementor-widget-text-editor\" data-id=\"bd9a675\" data-element_type=\"widget\" data-e-type=\"widget\" data-widget_type=\"text-editor.default\">\n\t\t\t\t<div class=\"elementor-widget-container\">\n\t\t\t\t\t\t\t\t\t<ul><li>Bruant du d\u00e9sert<\/li><li>Rousserolle effarvatte<\/li><li>Rousserolle effarvatte<\/li><li>T\u00e9tras lyre<\/li><li>G\u00e9linotte couronn\u00e9e<\/li><li>Traquet noir<\/li><li>Traquet du d\u00e9sert<\/li><li>Pie-gri\u00e8che grise<\/li><\/ul>\t\t\t\t\t\t\t\t<\/div>\n\t\t\t\t<\/div>\n\t\t\t\t\t<\/div>\n\t\t<\/div>\n\t\t\t\t<div class=\"elementor-column elementor-col-50 elementor-inner-column elementor-element elementor-element-cafe363\" data-id=\"cafe363\" data-element_type=\"column\" data-e-type=\"column\">\n\t\t\t<div class=\"elementor-widget-wrap elementor-element-populated\">\n\t\t\t\t\t\t<div class=\"elementor-element elementor-element-4d3da2e elementor-widget elementor-widget-text-editor\" data-id=\"4d3da2e\" data-element_type=\"widget\" data-e-type=\"widget\" data-widget_type=\"text-editor.default\">\n\t\t\t\t<div class=\"elementor-widget-container\">\n\t\t\t\t\t\t\t\t\t<ul><li>Alouette des champs<\/li><li>Engoulevent d&rsquo;\u00c9gypte<\/li><li>Fauvette de Tristram<\/li><li>Rousserolle effarvatte<\/li><li>Chatterton fulviforme<\/li><li>Colombe rieuse<\/li><li>Pinson trompette<\/li><li>Moineau domestique<\/li><\/ul>\t\t\t\t\t\t\t\t<\/div>\n\t\t\t\t<\/div>\n\t\t\t\t\t<\/div>\n\t\t<\/div>\n\t\t\t\t\t<\/div>\n\t\t<\/section>\n\t\t\t\t\t<\/div>\n\t\t<\/div>\n\t\t\t\t\t<\/div>\n\t\t<\/section>\n\t\t\t\t<\/div>\n\t\t","protected":false},"excerpt":{"rendered":"<p>1 journ\u00e9e compl\u00e8te d&rsquo;observation des oiseaux \u00e0 Merzouga 1 journ\u00e9e compl\u00e8te d&rsquo;observation des oiseaux de Merzouga est une excursion avec un guide local o\u00f9 vous d\u00e9couvrirez les oiseaux les plus rares du d\u00e9sert et apprendrez leur comportement et leurs habitats dans le d\u00e9sert de Merzouga. Pour faire l&rsquo;excursion ornithologique \u00e0 Merzouga pour les ornithologues, vous [&hellip;]<\/p>\n","protected":false},"author":1,"featured_media":0,"parent":0,"menu_order":0,"comment_status":"closed","ping_status":"closed","template":"elementor_header_footer","meta":{"footnotes":""},"class_list":["post-3415","page","type-page","status-publish","hentry","entry"],"_links":{"self":[{"href":"https:\/\/merzougabirding.com\/fr\/wp-json\/wp\/v2\/pages\/3415","targetHints":{"allow":["GET"]}}],"collection":[{"href":"https:\/\/merzougabirding.com\/fr\/wp-json\/wp\/v2\/pages"}],"about":[{"href":"https:\/\/merzougabirding.com\/fr\/wp-json\/wp\/v2\/types\/page"}],"author":[{"embeddable":true,"href":"https:\/\/merzougabirding.com\/fr\/wp-json\/wp\/v2\/users\/1"}],"replies":[{"embeddable":true,"href":"https:\/\/merzougabirding.com\/fr\/wp-json\/wp\/v2\/comments?post=3415"}],"version-history":[{"count":4,"href":"https:\/\/merzougabirding.com\/fr\/wp-json\/wp\/v2\/pages\/3415\/revisions"}],"predecessor-version":[{"id":3419,"href":"https:\/\/merzougabirding.com\/fr\/wp-json\/wp\/v2\/pages\/3415\/revisions\/3419"}],"wp:attachment":[{"href":"https:\/\/merzougabirding.com\/fr\/wp-json\/wp\/v2\/media?parent=3415"}],"curies":[{"name":"wp","href":"https:\/\/api.w.org\/{rel}","templated":true}]}}