{"id":3072,"date":"2023-01-20T15:10:56","date_gmt":"2023-01-20T15:10:56","guid":{"rendered":"https:\/\/merzougabirding.com\/?page_id=3072"},"modified":"2024-03-08T17:18:20","modified_gmt":"2024-03-08T17:18:20","slug":"blog-3","status":"publish","type":"page","link":"https:\/\/merzougabirding.com\/fr\/blog-3\/","title":{"rendered":"Blog"},"content":{"rendered":"\t\t<div data-elementor-type=\"wp-page\" data-elementor-id=\"3072\" class=\"elementor elementor-3072 elementor-32\" data-elementor-post-type=\"page\">\n\t\t\t\t\t\t<section class=\"elementor-section elementor-top-section elementor-element elementor-element-b157448 elementor-section-boxed elementor-section-height-default elementor-section-height-default\" data-id=\"b157448\" data-element_type=\"section\" data-e-type=\"section\" data-settings=\"{&quot;background_background&quot;:&quot;classic&quot;}\">\n\t\t\t\t\t\t<div class=\"elementor-container elementor-column-gap-default\">\n\t\t\t\t\t<div class=\"elementor-column elementor-col-100 elementor-top-column elementor-element elementor-element-65db2296\" data-id=\"65db2296\" data-element_type=\"column\" data-e-type=\"column\" data-settings=\"{&quot;background_background&quot;:&quot;classic&quot;}\">\n\t\t\t<div class=\"elementor-widget-wrap elementor-element-populated\">\n\t\t\t\t\t\t<section class=\"elementor-section elementor-inner-section elementor-element elementor-element-158e09a8 elementor-section-height-min-height elementor-section-boxed elementor-section-height-default\" data-id=\"158e09a8\" data-element_type=\"section\" data-e-type=\"section\">\n\t\t\t\t\t\t<div class=\"elementor-container elementor-column-gap-default\">\n\t\t\t\t\t<div class=\"elementor-column elementor-col-100 elementor-inner-column elementor-element elementor-element-5408cedf\" data-id=\"5408cedf\" data-element_type=\"column\" data-e-type=\"column\">\n\t\t\t<div class=\"elementor-widget-wrap elementor-element-populated\">\n\t\t\t\t\t\t<div class=\"elementor-element elementor-element-70428f21 elementor-widget elementor-widget-heading\" data-id=\"70428f21\" data-element_type=\"widget\" data-e-type=\"widget\" data-widget_type=\"heading.default\">\n\t\t\t\t<div class=\"elementor-widget-container\">\n\t\t\t\t\t<h2 class=\"elementor-heading-title elementor-size-default\">Merzouga Birding Blog<\/h2>\t\t\t\t<\/div>\n\t\t\t\t<\/div>\n\t\t\t\t\t<\/div>\n\t\t<\/div>\n\t\t\t\t\t<\/div>\n\t\t<\/section>\n\t\t\t\t<div class=\"elementor-element elementor-element-996cad7 elementor-widget elementor-widget-text-editor\" data-id=\"996cad7\" data-element_type=\"widget\" data-e-type=\"widget\" data-widget_type=\"text-editor.default\">\n\t\t\t\t<div class=\"elementor-widget-container\">\n\t\t\t\t\t\t\t\t\t<p>Si vous \u00eates un ornithologue et un amoureux des oiseaux, vous trouverez sur ce blog un paradis d&rsquo;informations, car vous y trouverez tout ce que vous avez besoin de savoir sur n&rsquo;importe quel oiseau. Nous faisons de notre mieux pour vous fournir le maximum d&rsquo;informations sur chaque oiseau de la r\u00e9gion.<\/p>\t\t\t\t\t\t\t\t<\/div>\n\t\t\t\t<\/div>\n\t\t\t\t<div class=\"elementor-element elementor-element-3226e256 elementor-grid-3 elementor-grid-tablet-2 elementor-grid-mobile-1 elementor-posts--thumbnail-top elementor-card-shadow-yes elementor-posts__hover-gradient elementor-widget elementor-widget-posts\" data-id=\"3226e256\" data-element_type=\"widget\" data-e-type=\"widget\" data-settings=\"{&quot;pagination_type&quot;:&quot;numbers_and_prev_next&quot;,&quot;cards_columns&quot;:&quot;3&quot;,&quot;cards_columns_tablet&quot;:&quot;2&quot;,&quot;cards_columns_mobile&quot;:&quot;1&quot;,&quot;cards_row_gap&quot;:{&quot;unit&quot;:&quot;px&quot;,&quot;size&quot;:35,&quot;sizes&quot;:[]},&quot;cards_row_gap_tablet&quot;:{&quot;unit&quot;:&quot;px&quot;,&quot;size&quot;:&quot;&quot;,&quot;sizes&quot;:[]},&quot;cards_row_gap_mobile&quot;:{&quot;unit&quot;:&quot;px&quot;,&quot;size&quot;:&quot;&quot;,&quot;sizes&quot;:[]}}\" data-widget_type=\"posts.cards\">\n\t\t\t\t<div class=\"elementor-widget-container\">\n\t\t\t\t\t\t\t<div class=\"elementor-posts-container elementor-posts elementor-posts--skin-cards elementor-grid\" role=\"list\">\n\t\t\t\t<article class=\"elementor-post elementor-grid-item post-4608 post type-post status-publish format-standard has-post-thumbnail hentry category-oiseaux-du-monde-entier entry has-media\" role=\"listitem\">\n\t\t\t<div class=\"elementor-post__card\">\n\t\t\t\t<a class=\"elementor-post__thumbnail__link\" href=\"https:\/\/merzougabirding.com\/fr\/canard-vs-oie\/\" tabindex=\"-1\" ><div class=\"elementor-post__thumbnail\"><img fetchpriority=\"high\" decoding=\"async\" width=\"1024\" height=\"576\" src=\"https:\/\/merzougabirding.com\/wp-content\/uploads\/2026\/02\/Duck-vs-Goose-1024x576.png\" class=\"attachment-large size-large wp-image-4607\" alt=\"Canard vs Oie\" srcset=\"https:\/\/merzougabirding.com\/wp-content\/uploads\/2026\/02\/Duck-vs-Goose-1024x576.png 1024w, https:\/\/merzougabirding.com\/wp-content\/uploads\/2026\/02\/Duck-vs-Goose-300x169.png 300w, https:\/\/merzougabirding.com\/wp-content\/uploads\/2026\/02\/Duck-vs-Goose-768x432.png 768w, https:\/\/merzougabirding.com\/wp-content\/uploads\/2026\/02\/Duck-vs-Goose.png 1280w\" sizes=\"(max-width: 1024px) 100vw, 1024px\" \/><\/div><\/a>\n\t\t\t\t<div class=\"elementor-post__text\">\n\t\t\t\t<h3 class=\"elementor-post__title\">\n\t\t\t<a href=\"https:\/\/merzougabirding.com\/fr\/canard-vs-oie\/\" >\n\t\t\t\tCanard vs Oie : les principales diff\u00e9rences \u00e0 conna\u00eetre\t\t\t<\/a>\n\t\t<\/h3>\n\t\t\t\t<div class=\"elementor-post__excerpt\">\n\t\t\t<p>Les canards et les oies sont tous deux des oiseaux aquatiques appartenant \u00e0 la famille des Anatidae. Ils vivent souvent dans les m\u00eames environnements, tels que les lacs, les rivi\u00e8res et les \u00e9tangs. Malgr\u00e9 leurs similitudes, ce sont des animaux distincts qui ont des comportements, des caract\u00e9ristiques physiques et des<\/p>\n\t\t<\/div>\n\t\t\n\t\t<a class=\"elementor-post__read-more\" href=\"https:\/\/merzougabirding.com\/fr\/canard-vs-oie\/\" aria-label=\"Read more about Canard vs Oie : les principales diff\u00e9rences \u00e0 conna\u00eetre\" tabindex=\"-1\" >\n\t\t\tLire la suite \u00bb\t\t<\/a>\n\n\t\t\t\t<\/div>\n\t\t\t\t\t<\/div>\n\t\t<\/article>\n\t\t\t\t<article class=\"elementor-post elementor-grid-item post-4813 post type-post status-publish format-standard has-post-thumbnail hentry category-oiseaux-du-monde-entier entry has-media\" role=\"listitem\">\n\t\t\t<div class=\"elementor-post__card\">\n\t\t\t\t<a class=\"elementor-post__thumbnail__link\" href=\"https:\/\/merzougabirding.com\/fr\/aigle-vs-faucon-des-differences-surprenantes-que-vous-ne-connaissiez-jamais\/\" tabindex=\"-1\" ><div class=\"elementor-post__thumbnail\"><img decoding=\"async\" width=\"1024\" height=\"576\" src=\"https:\/\/merzougabirding.com\/wp-content\/uploads\/2026\/02\/Eagle-vs-Falcon-1024x576.png\" class=\"attachment-large size-large wp-image-4812\" alt=\"Aigle vs Faucon\" srcset=\"https:\/\/merzougabirding.com\/wp-content\/uploads\/2026\/02\/Eagle-vs-Falcon-1024x576.png 1024w, https:\/\/merzougabirding.com\/wp-content\/uploads\/2026\/02\/Eagle-vs-Falcon-300x169.png 300w, https:\/\/merzougabirding.com\/wp-content\/uploads\/2026\/02\/Eagle-vs-Falcon-768x432.png 768w, https:\/\/merzougabirding.com\/wp-content\/uploads\/2026\/02\/Eagle-vs-Falcon.png 1280w\" sizes=\"(max-width: 1024px) 100vw, 1024px\" \/><\/div><\/a>\n\t\t\t\t<div class=\"elementor-post__text\">\n\t\t\t\t<h3 class=\"elementor-post__title\">\n\t\t\t<a href=\"https:\/\/merzougabirding.com\/fr\/aigle-vs-faucon-des-differences-surprenantes-que-vous-ne-connaissiez-jamais\/\" >\n\t\t\t\tAigle vs Faucon : Des diff\u00e9rences surprenantes que vous ne connaissiez jamais\t\t\t<\/a>\n\t\t<\/h3>\n\t\t\t\t<div class=\"elementor-post__excerpt\">\n\t\t\t<p>Les aigles et les faucons sont tous deux des pr\u00e9dateurs extraordinaires dans le ciel. Lorsque nous sommes \u00e0 l\u2019ext\u00e9rieur, de nombreux observateurs d\u2019oiseaux ont du mal \u00e0 les distinguer, car de loin ils se ressemblent beaucoup. Pourtant, ce sont en r\u00e9alit\u00e9 des animaux tr\u00e8s diff\u00e9rents. Cet article examinera leur taille,<\/p>\n\t\t<\/div>\n\t\t\n\t\t<a class=\"elementor-post__read-more\" href=\"https:\/\/merzougabirding.com\/fr\/aigle-vs-faucon-des-differences-surprenantes-que-vous-ne-connaissiez-jamais\/\" aria-label=\"Read more about Aigle vs Faucon : Des diff\u00e9rences surprenantes que vous ne connaissiez jamais\" tabindex=\"-1\" >\n\t\t\tLire la suite \u00bb\t\t<\/a>\n\n\t\t\t\t<\/div>\n\t\t\t\t\t<\/div>\n\t\t<\/article>\n\t\t\t\t<article class=\"elementor-post elementor-grid-item post-4575 post type-post status-publish format-standard has-post-thumbnail hentry category-oiseaux-du-monde-entier entry has-media\" role=\"listitem\">\n\t\t\t<div class=\"elementor-post__card\">\n\t\t\t\t<a class=\"elementor-post__thumbnail__link\" href=\"https:\/\/merzougabirding.com\/fr\/les-oiseaux-de-merzouga-maroc-guide-simple-pour-les-visiteurs\/\" tabindex=\"-1\" ><div class=\"elementor-post__thumbnail\"><img decoding=\"async\" width=\"746\" height=\"436\" src=\"https:\/\/merzougabirding.com\/wp-content\/uploads\/2025\/10\/Egyptian-Nightjar.png\" class=\"attachment-large size-large wp-image-4558\" alt=\"Engoulevent d&#039;\u00c9gypte\" srcset=\"https:\/\/merzougabirding.com\/wp-content\/uploads\/2025\/10\/Egyptian-Nightjar.png 746w, https:\/\/merzougabirding.com\/wp-content\/uploads\/2025\/10\/Egyptian-Nightjar-300x175.png 300w\" sizes=\"(max-width: 746px) 100vw, 746px\" \/><\/div><\/a>\n\t\t\t\t<div class=\"elementor-post__text\">\n\t\t\t\t<h3 class=\"elementor-post__title\">\n\t\t\t<a href=\"https:\/\/merzougabirding.com\/fr\/les-oiseaux-de-merzouga-maroc-guide-simple-pour-les-visiteurs\/\" >\n\t\t\t\tLes oiseaux de Merzouga &#8211; Maroc : guide simple pour les visiteurs\t\t\t<\/a>\n\t\t<\/h3>\n\t\t\t\t<div class=\"elementor-post__excerpt\">\n\t\t\t<p>Merzouga est un endroit c\u00e9l\u00e8bre au Maroc, principalement en raison des grandes dunes de sable appel\u00e9es Erg Chebbi. C&rsquo;est comme une porte d&rsquo;entr\u00e9e vers le d\u00e9sert. Beaucoup de gens viennent ici uniquement pour voir le sable et faire des balades \u00e0 dos de chameau. C&rsquo;est un endroit tr\u00e8s beau et<\/p>\n\t\t<\/div>\n\t\t\n\t\t<a class=\"elementor-post__read-more\" href=\"https:\/\/merzougabirding.com\/fr\/les-oiseaux-de-merzouga-maroc-guide-simple-pour-les-visiteurs\/\" aria-label=\"Read more about Les oiseaux de Merzouga &#8211; Maroc : guide simple pour les visiteurs\" tabindex=\"-1\" >\n\t\t\tLire la suite \u00bb\t\t<\/a>\n\n\t\t\t\t<\/div>\n\t\t\t\t\t<\/div>\n\t\t<\/article>\n\t\t\t\t<article class=\"elementor-post elementor-grid-item post-3864 post type-post status-publish format-standard has-post-thumbnail hentry category-oiseaux-du-monde-entier entry has-media\" role=\"listitem\">\n\t\t\t<div class=\"elementor-post__card\">\n\t\t\t\t<a class=\"elementor-post__thumbnail__link\" href=\"https:\/\/merzougabirding.com\/fr\/corbeau-et-corneille\/\" tabindex=\"-1\" ><div class=\"elementor-post__thumbnail\"><img loading=\"lazy\" decoding=\"async\" width=\"720\" height=\"480\" src=\"https:\/\/merzougabirding.com\/wp-content\/uploads\/2024\/08\/Raven-Vs-Crow.png\" class=\"attachment-large size-large wp-image-3860\" alt=\"Raven Vs Crow\" srcset=\"https:\/\/merzougabirding.com\/wp-content\/uploads\/2024\/08\/Raven-Vs-Crow.png 720w, https:\/\/merzougabirding.com\/wp-content\/uploads\/2024\/08\/Raven-Vs-Crow-300x200.png 300w\" sizes=\"(max-width: 720px) 100vw, 720px\" \/><\/div><\/a>\n\t\t\t\t<div class=\"elementor-post__text\">\n\t\t\t\t<h3 class=\"elementor-post__title\">\n\t\t\t<a href=\"https:\/\/merzougabirding.com\/fr\/corbeau-et-corneille\/\" >\n\t\t\t\tDiff\u00e9rences entre corbeau et corneille\t\t\t<\/a>\n\t\t<\/h3>\n\t\t\t\t<div class=\"elementor-post__excerpt\">\n\t\t\t<p>Dans le monde \u00e9nigmatique des corvid\u00e9s, les corbeaux et les corneilles r\u00e8gnent en tant que certains des oiseaux les plus intelligents et les plus adaptables. Bien que leur plumage noir saisissant et leur comportement intelligent conduisent souvent \u00e0 une confusion entre les deux, les corbeaux et les corneilles se distinguent<\/p>\n\t\t<\/div>\n\t\t\n\t\t<a class=\"elementor-post__read-more\" href=\"https:\/\/merzougabirding.com\/fr\/corbeau-et-corneille\/\" aria-label=\"Read more about Diff\u00e9rences entre corbeau et corneille\" tabindex=\"-1\" >\n\t\t\tLire la suite \u00bb\t\t<\/a>\n\n\t\t\t\t<\/div>\n\t\t\t\t\t<\/div>\n\t\t<\/article>\n\t\t\t\t<article class=\"elementor-post elementor-grid-item post-3813 post type-post status-publish format-standard has-post-thumbnail hentry category-oiseaux-du-monde-entier entry has-media\" role=\"listitem\">\n\t\t\t<div class=\"elementor-post__card\">\n\t\t\t\t<a class=\"elementor-post__thumbnail__link\" href=\"https:\/\/merzougabirding.com\/fr\/comment-empecher-les-oiseaux-dentrer-dans-un-jardin\/\" tabindex=\"-1\" ><div class=\"elementor-post__thumbnail\"><img loading=\"lazy\" decoding=\"async\" width=\"740\" height=\"416\" src=\"https:\/\/merzougabirding.com\/wp-content\/uploads\/2024\/08\/How-To-Keep-Birds-Out-of-a-Garden.png\" class=\"attachment-large size-large wp-image-3803\" alt=\"How To Keep Birds Out of a Garden\" srcset=\"https:\/\/merzougabirding.com\/wp-content\/uploads\/2024\/08\/How-To-Keep-Birds-Out-of-a-Garden.png 740w, https:\/\/merzougabirding.com\/wp-content\/uploads\/2024\/08\/How-To-Keep-Birds-Out-of-a-Garden-300x169.png 300w\" sizes=\"(max-width: 740px) 100vw, 740px\" \/><\/div><\/a>\n\t\t\t\t<div class=\"elementor-post__text\">\n\t\t\t\t<h3 class=\"elementor-post__title\">\n\t\t\t<a href=\"https:\/\/merzougabirding.com\/fr\/comment-empecher-les-oiseaux-dentrer-dans-un-jardin\/\" >\n\t\t\t\tComment emp\u00eacher les oiseaux d&rsquo;entrer dans un jardin : Un guide complet\t\t\t<\/a>\n\t\t<\/h3>\n\t\t\t\t<div class=\"elementor-post__excerpt\">\n\t\t\t<p>Le jardinage est un passe-temps serein et gratifiant, mais les oiseaux peuvent parfois devenir des invit\u00e9s ind\u00e9sirables, grignotant vos pr\u00e9cieuses plantes et vos fruits. Bien que nous aimions nos amis \u00e0 plumes, il est important de trouver un \u00e9quilibre pour prot\u00e9ger nos jardins. C&rsquo;est pourquoi je vous propose un guide<\/p>\n\t\t<\/div>\n\t\t\n\t\t<a class=\"elementor-post__read-more\" href=\"https:\/\/merzougabirding.com\/fr\/comment-empecher-les-oiseaux-dentrer-dans-un-jardin\/\" aria-label=\"Read more about Comment emp\u00eacher les oiseaux d&rsquo;entrer dans un jardin : Un guide complet\" tabindex=\"-1\" >\n\t\t\tLire la suite \u00bb\t\t<\/a>\n\n\t\t\t\t<\/div>\n\t\t\t\t\t<\/div>\n\t\t<\/article>\n\t\t\t\t<article class=\"elementor-post elementor-grid-item post-3583 post type-post status-publish format-standard has-post-thumbnail hentry category-oiseaux-du-monde-entier entry has-media\" role=\"listitem\">\n\t\t\t<div class=\"elementor-post__card\">\n\t\t\t\t<a class=\"elementor-post__thumbnail__link\" href=\"https:\/\/merzougabirding.com\/fr\/aigle-a-tete-blanche-vs-aigle-royal-comparaison\/\" tabindex=\"-1\" ><div class=\"elementor-post__thumbnail\"><img loading=\"lazy\" decoding=\"async\" width=\"800\" height=\"450\" src=\"https:\/\/merzougabirding.com\/wp-content\/uploads\/2024\/04\/Bald-Eagle-vs-Golden-Eagle.jpg\" class=\"attachment-large size-large wp-image-3556\" alt=\"Bald Eagle vs Golden Eagle\" srcset=\"https:\/\/merzougabirding.com\/wp-content\/uploads\/2024\/04\/Bald-Eagle-vs-Golden-Eagle.jpg 800w, https:\/\/merzougabirding.com\/wp-content\/uploads\/2024\/04\/Bald-Eagle-vs-Golden-Eagle-300x169.jpg 300w, https:\/\/merzougabirding.com\/wp-content\/uploads\/2024\/04\/Bald-Eagle-vs-Golden-Eagle-768x432.jpg 768w\" sizes=\"(max-width: 800px) 100vw, 800px\" \/><\/div><\/a>\n\t\t\t\t<div class=\"elementor-post__text\">\n\t\t\t\t<h3 class=\"elementor-post__title\">\n\t\t\t<a href=\"https:\/\/merzougabirding.com\/fr\/aigle-a-tete-blanche-vs-aigle-royal-comparaison\/\" >\n\t\t\t\tAigle \u00e0 t\u00eate blanche vs Aigle royal (comparaison)\t\t\t<\/a>\n\t\t<\/h3>\n\t\t\t\t<div class=\"elementor-post__excerpt\">\n\t\t\t<p>Beaucoup de gens ont des difficult\u00e9s \u00e0 faire la diff\u00e9rence entre un pygargue \u00e0 t\u00eate blanche et un aigle royal et j&rsquo;\u00e9tais l&rsquo;un d&rsquo;entre eux parce que ces esp\u00e8ces se ressemblent dans leurs caract\u00e9ristiques physiques en plus de certains comportements et habitats. En tant que guide ornithologique avec des ann\u00e9es<\/p>\n\t\t<\/div>\n\t\t\n\t\t<a class=\"elementor-post__read-more\" href=\"https:\/\/merzougabirding.com\/fr\/aigle-a-tete-blanche-vs-aigle-royal-comparaison\/\" aria-label=\"Read more about Aigle \u00e0 t\u00eate blanche vs Aigle royal (comparaison)\" tabindex=\"-1\" >\n\t\t\tLire la suite \u00bb\t\t<\/a>\n\n\t\t\t\t<\/div>\n\t\t\t\t\t<\/div>\n\t\t<\/article>\n\t\t\t\t<article class=\"elementor-post elementor-grid-item post-3001 post type-post status-publish format-standard has-post-thumbnail hentry category-oiseaux-du-monde-entier entry has-media\" role=\"listitem\">\n\t\t\t<div class=\"elementor-post__card\">\n\t\t\t\t<a class=\"elementor-post__thumbnail__link\" href=\"https:\/\/merzougabirding.com\/fr\/conseils-pour-lobservation-des-oiseaux\/\" tabindex=\"-1\" ><div class=\"elementor-post__thumbnail\"><img loading=\"lazy\" decoding=\"async\" width=\"1000\" height=\"667\" src=\"https:\/\/merzougabirding.com\/wp-content\/uploads\/2024\/03\/Bird-Watching-Tips.jpg\" class=\"attachment-large size-large wp-image-2813\" alt=\"Bird-Watching Tips\" srcset=\"https:\/\/merzougabirding.com\/wp-content\/uploads\/2024\/03\/Bird-Watching-Tips.jpg 1000w, https:\/\/merzougabirding.com\/wp-content\/uploads\/2024\/03\/Bird-Watching-Tips-300x200.jpg 300w, https:\/\/merzougabirding.com\/wp-content\/uploads\/2024\/03\/Bird-Watching-Tips-768x512.jpg 768w\" sizes=\"(max-width: 1000px) 100vw, 1000px\" \/><\/div><\/a>\n\t\t\t\t<div class=\"elementor-post__text\">\n\t\t\t\t<h3 class=\"elementor-post__title\">\n\t\t\t<a href=\"https:\/\/merzougabirding.com\/fr\/conseils-pour-lobservation-des-oiseaux\/\" >\n\t\t\t\tConseils pour l\u2019observation des oiseaux &#8211; Guide pour les d\u00e9butants\t\t\t<\/a>\n\t\t<\/h3>\n\t\t\t\t<div class=\"elementor-post__excerpt\">\n\t\t\t<p>L&rsquo;observation des oiseaux ou le Birding sont des voyages ou des excursions destin\u00e9s aux personnes qui aiment les oiseaux et la nature. Ils offrent de nombreuses possibilit\u00e9s d&rsquo;observer le comportement des oiseaux et d&rsquo;acqu\u00e9rir des connaissances \u00e0 leur sujet. Que vous soyez un ornithologue d\u00e9butant ou que vous cherchiez \u00e0<\/p>\n\t\t<\/div>\n\t\t\n\t\t<a class=\"elementor-post__read-more\" href=\"https:\/\/merzougabirding.com\/fr\/conseils-pour-lobservation-des-oiseaux\/\" aria-label=\"Read more about Conseils pour l\u2019observation des oiseaux &#8211; Guide pour les d\u00e9butants\" tabindex=\"-1\" >\n\t\t\tLire la suite \u00bb\t\t<\/a>\n\n\t\t\t\t<\/div>\n\t\t\t\t\t<\/div>\n\t\t<\/article>\n\t\t\t\t<article class=\"elementor-post elementor-grid-item post-3028 post type-post status-publish format-standard has-post-thumbnail hentry category-oiseaux-du-monde-entier entry has-media\" role=\"listitem\">\n\t\t\t<div class=\"elementor-post__card\">\n\t\t\t\t<a class=\"elementor-post__thumbnail__link\" href=\"https:\/\/merzougabirding.com\/fr\/aigle-et-faucon\/\" tabindex=\"-1\" ><div class=\"elementor-post__thumbnail\"><img loading=\"lazy\" decoding=\"async\" width=\"800\" height=\"450\" src=\"https:\/\/merzougabirding.com\/wp-content\/uploads\/2024\/02\/Eagle-Vs-Hawk.jpg\" class=\"attachment-large size-large wp-image-2780\" alt=\"Eagle Vs Hawk\" srcset=\"https:\/\/merzougabirding.com\/wp-content\/uploads\/2024\/02\/Eagle-Vs-Hawk.jpg 800w, https:\/\/merzougabirding.com\/wp-content\/uploads\/2024\/02\/Eagle-Vs-Hawk-300x169.jpg 300w, https:\/\/merzougabirding.com\/wp-content\/uploads\/2024\/02\/Eagle-Vs-Hawk-768x432.jpg 768w\" sizes=\"(max-width: 800px) 100vw, 800px\" \/><\/div><\/a>\n\t\t\t\t<div class=\"elementor-post__text\">\n\t\t\t\t<h3 class=\"elementor-post__title\">\n\t\t\t<a href=\"https:\/\/merzougabirding.com\/fr\/aigle-et-faucon\/\" >\n\t\t\t\tAigle et faucon : Explorer les diff\u00e9rences\t\t\t<\/a>\n\t\t<\/h3>\n\t\t\t\t<div class=\"elementor-post__excerpt\">\n\t\t\t<p>Dans le vaste monde des oiseaux de proie, les aigles et les faucons se distinguent comme des pr\u00e9dateurs a\u00e9riens majestueux et puissants. Il est souvent difficile de faire la distinction entre ces magnifiques cr\u00e9atures, car elles partagent toutes deux certaines caract\u00e9ristiques. Dans cet article, nous examinerons les diff\u00e9rences entre les<\/p>\n\t\t<\/div>\n\t\t\n\t\t<a class=\"elementor-post__read-more\" href=\"https:\/\/merzougabirding.com\/fr\/aigle-et-faucon\/\" aria-label=\"Read more about Aigle et faucon : Explorer les diff\u00e9rences\" tabindex=\"-1\" >\n\t\t\tLire la suite \u00bb\t\t<\/a>\n\n\t\t\t\t<\/div>\n\t\t\t\t\t<\/div>\n\t\t<\/article>\n\t\t\t\t<article class=\"elementor-post elementor-grid-item post-2976 post type-post status-publish format-standard has-post-thumbnail hentry category-oiseaux-du-monde-entier entry has-media\" role=\"listitem\">\n\t\t\t<div class=\"elementor-post__card\">\n\t\t\t\t<a class=\"elementor-post__thumbnail__link\" href=\"https:\/\/merzougabirding.com\/fr\/pourquoi-les-oiseaux-deploient-ils-leurs-ailes\/\" tabindex=\"-1\" ><div class=\"elementor-post__thumbnail\"><img loading=\"lazy\" decoding=\"async\" width=\"774\" height=\"563\" src=\"https:\/\/merzougabirding.com\/wp-content\/uploads\/2023\/10\/Why-Do-Birds-Spread-Their-Wings-Answered.png\" class=\"attachment-large size-large wp-image-2591\" alt=\"Why Do Birds Spread Their Wings\" srcset=\"https:\/\/merzougabirding.com\/wp-content\/uploads\/2023\/10\/Why-Do-Birds-Spread-Their-Wings-Answered.png 774w, https:\/\/merzougabirding.com\/wp-content\/uploads\/2023\/10\/Why-Do-Birds-Spread-Their-Wings-Answered-300x218.png 300w, https:\/\/merzougabirding.com\/wp-content\/uploads\/2023\/10\/Why-Do-Birds-Spread-Their-Wings-Answered-768x559.png 768w\" sizes=\"(max-width: 774px) 100vw, 774px\" \/><\/div><\/a>\n\t\t\t\t<div class=\"elementor-post__text\">\n\t\t\t\t<h3 class=\"elementor-post__title\">\n\t\t\t<a href=\"https:\/\/merzougabirding.com\/fr\/pourquoi-les-oiseaux-deploient-ils-leurs-ailes\/\" >\n\t\t\t\tPourquoi les oiseaux d\u00e9ploient-ils leurs ailes ? (r\u00e9pondu)\t\t\t<\/a>\n\t\t<\/h3>\n\t\t\t\t<div class=\"elementor-post__excerpt\">\n\t\t\t<p>Je suis s\u00fbr que tu as d\u00e9j\u00e0 vu des oiseaux d\u00e9ployer leurs ailes \u00e0 de nombreuses reprises, et que tu te demandes pourquoi ils font cela. Je vais vous donner la raison et vous l&rsquo;expliquer. Les oiseaux d\u00e9ploient leurs ailes pour diverses raisons : thermor\u00e9gulation pour se rafra\u00eechir ou se<\/p>\n\t\t<\/div>\n\t\t\n\t\t<a class=\"elementor-post__read-more\" href=\"https:\/\/merzougabirding.com\/fr\/pourquoi-les-oiseaux-deploient-ils-leurs-ailes\/\" aria-label=\"Read more about Pourquoi les oiseaux d\u00e9ploient-ils leurs ailes ? (r\u00e9pondu)\" tabindex=\"-1\" >\n\t\t\tLire la suite \u00bb\t\t<\/a>\n\n\t\t\t\t<\/div>\n\t\t\t\t\t<\/div>\n\t\t<\/article>\n\t\t\t\t<\/div>\n\t\t\n\t\t\t\t<div class=\"e-load-more-anchor\" data-page=\"1\" data-max-page=\"3\" data-next-page=\"https:\/\/merzougabirding.com\/fr\/wp-json\/wp\/v2\/pages\/3072\/page\/2\/\"><\/div>\n\t\t\t\t<nav class=\"elementor-pagination\" aria-label=\"Pagination\">\n\t\t\t<span class=\"page-numbers prev\">&laquo; Previous<\/span>\n<span aria-current=\"page\" class=\"page-numbers current\"><span class=\"elementor-screen-only\">Page<\/span>1<\/span>\n<a class=\"page-numbers\" href=\"https:\/\/merzougabirding.com\/fr\/wp-json\/wp\/v2\/pages\/3072\/page\/2\/\"><span class=\"elementor-screen-only\">Page<\/span>2<\/a>\n<a class=\"page-numbers\" href=\"https:\/\/merzougabirding.com\/fr\/wp-json\/wp\/v2\/pages\/3072\/page\/3\/\"><span class=\"elementor-screen-only\">Page<\/span>3<\/a>\n<a class=\"page-numbers next\" href=\"https:\/\/merzougabirding.com\/fr\/wp-json\/wp\/v2\/pages\/3072\/page\/2\/\">Next &raquo;<\/a>\t\t<\/nav>\n\t\t\t\t\t\t<\/div>\n\t\t\t\t<\/div>\n\t\t\t\t<div class=\"elementor-element elementor-element-12ae2910 elementor-widget elementor-widget-spacer\" data-id=\"12ae2910\" data-element_type=\"widget\" data-e-type=\"widget\" data-widget_type=\"spacer.default\">\n\t\t\t\t<div class=\"elementor-widget-container\">\n\t\t\t\t\t\t\t<div class=\"elementor-spacer\">\n\t\t\t<div class=\"elementor-spacer-inner\"><\/div>\n\t\t<\/div>\n\t\t\t\t\t\t<\/div>\n\t\t\t\t<\/div>\n\t\t\t\t<div class=\"elementor-element elementor-element-5d29372b elementor-widget elementor-widget-spacer\" data-id=\"5d29372b\" data-element_type=\"widget\" data-e-type=\"widget\" data-widget_type=\"spacer.default\">\n\t\t\t\t<div class=\"elementor-widget-container\">\n\t\t\t\t\t\t\t<div class=\"elementor-spacer\">\n\t\t\t<div class=\"elementor-spacer-inner\"><\/div>\n\t\t<\/div>\n\t\t\t\t\t\t<\/div>\n\t\t\t\t<\/div>\n\t\t\t\t\t<\/div>\n\t\t<\/div>\n\t\t\t\t\t<\/div>\n\t\t<\/section>\n\t\t\t\t<\/div>\n\t\t","protected":false},"excerpt":{"rendered":"<p>Merzouga Birding Blog Si vous \u00eates un ornithologue et un amoureux des oiseaux, vous trouverez sur ce blog un paradis d&rsquo;informations, car vous y trouverez tout ce que vous avez besoin de savoir sur n&rsquo;importe quel oiseau. Nous faisons de notre mieux pour vous fournir le maximum d&rsquo;informations sur chaque oiseau de la r\u00e9gion.<\/p>\n","protected":false},"author":1,"featured_media":0,"parent":0,"menu_order":0,"comment_status":"closed","ping_status":"closed","template":"elementor_header_footer","meta":{"footnotes":""},"class_list":["post-3072","page","type-page","status-publish","hentry","entry","has-media"],"_links":{"self":[{"href":"https:\/\/merzougabirding.com\/fr\/wp-json\/wp\/v2\/pages\/3072","targetHints":{"allow":["GET"]}}],"collection":[{"href":"https:\/\/merzougabirding.com\/fr\/wp-json\/wp\/v2\/pages"}],"about":[{"href":"https:\/\/merzougabirding.com\/fr\/wp-json\/wp\/v2\/types\/page"}],"author":[{"embeddable":true,"href":"https:\/\/merzougabirding.com\/fr\/wp-json\/wp\/v2\/users\/1"}],"replies":[{"embeddable":true,"href":"https:\/\/merzougabirding.com\/fr\/wp-json\/wp\/v2\/comments?post=3072"}],"version-history":[{"count":0,"href":"https:\/\/merzougabirding.com\/fr\/wp-json\/wp\/v2\/pages\/3072\/revisions"}],"wp:attachment":[{"href":"https:\/\/merzougabirding.com\/fr\/wp-json\/wp\/v2\/media?parent=3072"}],"curies":[{"name":"wp","href":"https:\/\/api.w.org\/{rel}","templated":true}]}}