{"id":2929,"date":"2023-01-20T10:30:49","date_gmt":"2023-01-20T10:30:49","guid":{"rendered":"https:\/\/merzougabirding.com\/?page_id=2929"},"modified":"2026-03-06T17:04:41","modified_gmt":"2026-03-06T17:04:41","slug":"a-propos-de-nous","status":"publish","type":"page","link":"https:\/\/merzougabirding.com\/fr\/a-propos-de-nous\/","title":{"rendered":"A propos de nous"},"content":{"rendered":"\t\t<div data-elementor-type=\"wp-page\" data-elementor-id=\"2929\" class=\"elementor elementor-2929 elementor-25\" data-elementor-post-type=\"page\">\n\t\t\t\t\t\t<section class=\"elementor-section elementor-top-section elementor-element elementor-element-5be4497 elementor-section-boxed elementor-section-height-default elementor-section-height-default\" data-id=\"5be4497\" data-element_type=\"section\" data-e-type=\"section\">\n\t\t\t\t\t\t<div class=\"elementor-container elementor-column-gap-default\">\n\t\t\t\t\t<div class=\"elementor-column elementor-col-100 elementor-top-column elementor-element elementor-element-5ba3be7\" data-id=\"5ba3be7\" data-element_type=\"column\" data-e-type=\"column\">\n\t\t\t<div class=\"elementor-widget-wrap elementor-element-populated\">\n\t\t\t\t\t\t<section class=\"elementor-section elementor-inner-section elementor-element elementor-element-835bb17 elementor-section-boxed elementor-section-height-default elementor-section-height-default\" data-id=\"835bb17\" data-element_type=\"section\" data-e-type=\"section\">\n\t\t\t\t\t\t<div class=\"elementor-container elementor-column-gap-default\">\n\t\t\t\t\t<div class=\"elementor-column elementor-col-100 elementor-inner-column elementor-element elementor-element-eb925bf\" data-id=\"eb925bf\" data-element_type=\"column\" data-e-type=\"column\">\n\t\t\t<div class=\"elementor-widget-wrap elementor-element-populated\">\n\t\t\t\t\t\t<div class=\"elementor-element elementor-element-e039731 elementor-widget elementor-widget-heading\" data-id=\"e039731\" data-element_type=\"widget\" data-e-type=\"widget\" data-widget_type=\"heading.default\">\n\t\t\t\t<div class=\"elementor-widget-container\">\n\t\t\t\t\t<h1 class=\"elementor-heading-title elementor-size-default\">Qui suis-je ?<\/h1>\t\t\t\t<\/div>\n\t\t\t\t<\/div>\n\t\t\t\t\t<\/div>\n\t\t<\/div>\n\t\t\t\t\t<\/div>\n\t\t<\/section>\n\t\t\t\t\t<\/div>\n\t\t<\/div>\n\t\t\t\t\t<\/div>\n\t\t<\/section>\n\t\t\t\t<section class=\"elementor-section elementor-top-section elementor-element elementor-element-212ee33 elementor-section-boxed elementor-section-height-default elementor-section-height-default\" data-id=\"212ee33\" data-element_type=\"section\" data-e-type=\"section\">\n\t\t\t\t\t\t<div class=\"elementor-container elementor-column-gap-default\">\n\t\t\t\t\t<div class=\"elementor-column elementor-col-100 elementor-top-column elementor-element elementor-element-497d8c5\" data-id=\"497d8c5\" data-element_type=\"column\" data-e-type=\"column\">\n\t\t\t<div class=\"elementor-widget-wrap elementor-element-populated\">\n\t\t\t\t\t\t<section class=\"elementor-section elementor-inner-section elementor-element elementor-element-fbd698f elementor-section-boxed elementor-section-height-default elementor-section-height-default\" data-id=\"fbd698f\" data-element_type=\"section\" data-e-type=\"section\">\n\t\t\t\t\t\t<div class=\"elementor-container elementor-column-gap-default\">\n\t\t\t\t\t<div class=\"elementor-column elementor-col-50 elementor-inner-column elementor-element elementor-element-72c9a88\" data-id=\"72c9a88\" data-element_type=\"column\" data-e-type=\"column\">\n\t\t\t<div class=\"elementor-widget-wrap elementor-element-populated\">\n\t\t\t\t\t\t<div class=\"elementor-element elementor-element-a9254fb elementor-widget elementor-widget-image\" data-id=\"a9254fb\" data-element_type=\"widget\" data-e-type=\"widget\" data-widget_type=\"image.default\">\n\t\t\t\t<div class=\"elementor-widget-container\">\n\t\t\t\t\t\t\t\t\t\t\t\t\t\t\t<img fetchpriority=\"high\" decoding=\"async\" width=\"768\" height=\"768\" src=\"https:\/\/merzougabirding.com\/wp-content\/uploads\/2026\/03\/Mohamed-Merzouga-Birdwatching-Guide-768x768.jpg\" class=\"attachment-medium_large size-medium_large wp-image-4823\" alt=\"Mohamed Merzouga Birdwatching Guide\" srcset=\"https:\/\/merzougabirding.com\/wp-content\/uploads\/2026\/03\/Mohamed-Merzouga-Birdwatching-Guide-768x768.jpg 768w, https:\/\/merzougabirding.com\/wp-content\/uploads\/2026\/03\/Mohamed-Merzouga-Birdwatching-Guide-300x300.jpg 300w, https:\/\/merzougabirding.com\/wp-content\/uploads\/2026\/03\/Mohamed-Merzouga-Birdwatching-Guide-1024x1024.jpg 1024w, https:\/\/merzougabirding.com\/wp-content\/uploads\/2026\/03\/Mohamed-Merzouga-Birdwatching-Guide-150x150.jpg 150w, https:\/\/merzougabirding.com\/wp-content\/uploads\/2026\/03\/Mohamed-Merzouga-Birdwatching-Guide-600x600.jpg 600w, https:\/\/merzougabirding.com\/wp-content\/uploads\/2026\/03\/Mohamed-Merzouga-Birdwatching-Guide.jpg 1400w\" sizes=\"(max-width: 768px) 100vw, 768px\" \/>\t\t\t\t\t\t\t\t\t\t\t\t\t\t\t<\/div>\n\t\t\t\t<\/div>\n\t\t\t\t\t<\/div>\n\t\t<\/div>\n\t\t\t\t<div class=\"elementor-column elementor-col-50 elementor-inner-column elementor-element elementor-element-2680aed\" data-id=\"2680aed\" data-element_type=\"column\" data-e-type=\"column\">\n\t\t\t<div class=\"elementor-widget-wrap elementor-element-populated\">\n\t\t\t\t\t\t<div class=\"elementor-element elementor-element-cdf4f4e elementor-widget elementor-widget-text-editor\" data-id=\"cdf4f4e\" data-element_type=\"widget\" data-e-type=\"widget\" data-widget_type=\"text-editor.default\">\n\t\t\t\t<div class=\"elementor-widget-container\">\n\t\t\t\t\t\t\t\t\t<p>Je m&rsquo;appelle Mohamed, je suis n\u00e9 et je vis \u00e0 Merzouga au sud-est du Maroc, j&rsquo;ai grandi avec les animaux et les oiseaux du d\u00e9sert, ce qui m&rsquo;a fait aimer ces petites cr\u00e9atures, puis j&rsquo;ai commenc\u00e9 \u00e0 me demander comment ces oiseaux vivent dans ce d\u00e9sert, l&rsquo;eau ici est peu abondante et la nourriture aussi, et beaucoup de questions auxquelles j&rsquo;ai trouv\u00e9 des r\u00e9ponses lorsque j&rsquo;ai commenc\u00e9 mes recherches.<\/p><p>J&rsquo;ai pass\u00e9 de nombreuses ann\u00e9es \u00e0 \u00e9tudier les comportements et les habitats de ces magnifiques cr\u00e9atures, ce qui m&rsquo;a permis d&rsquo;acqu\u00e9rir d&rsquo;\u00e9normes connaissances \u00e0 leur sujet, et c&rsquo;est \u00e0 ce moment-l\u00e0 que j&rsquo;ai pens\u00e9 \u00e0 faire de cette passion une carri\u00e8re.<\/p><p>Aujourd&rsquo;hui, je suis guide ornithologue dans le village de Merzouga, je connais tous les types d&rsquo;oiseaux du d\u00e9sert et j&rsquo;organise des excursions ornithologiques pour montrer aux gens les oiseaux \u00e9tonnants que nous avons ici et qui consid\u00e8rent cet endroit comme leur maison, et je suis tr\u00e8s heureux de partager mes connaissances et mon amour pour ces oiseaux avec d&rsquo;autres.<\/p>\t\t\t\t\t\t\t\t<\/div>\n\t\t\t\t<\/div>\n\t\t\t\t\t<\/div>\n\t\t<\/div>\n\t\t\t\t\t<\/div>\n\t\t<\/section>\n\t\t\t\t\t<\/div>\n\t\t<\/div>\n\t\t\t\t\t<\/div>\n\t\t<\/section>\n\t\t\t\t<section class=\"elementor-section elementor-top-section elementor-element elementor-element-540c181 elementor-section-boxed elementor-section-height-default elementor-section-height-default\" data-id=\"540c181\" data-element_type=\"section\" data-e-type=\"section\">\n\t\t\t\t\t\t<div class=\"elementor-container elementor-column-gap-default\">\n\t\t\t\t\t<div class=\"elementor-column elementor-col-100 elementor-top-column elementor-element elementor-element-ce4ec9c\" data-id=\"ce4ec9c\" data-element_type=\"column\" data-e-type=\"column\">\n\t\t\t<div class=\"elementor-widget-wrap elementor-element-populated\">\n\t\t\t\t\t\t<div class=\"elementor-element elementor-element-898c7a2 elementor-widget elementor-widget-spacer\" data-id=\"898c7a2\" data-element_type=\"widget\" data-e-type=\"widget\" data-widget_type=\"spacer.default\">\n\t\t\t\t<div class=\"elementor-widget-container\">\n\t\t\t\t\t\t\t<div class=\"elementor-spacer\">\n\t\t\t<div class=\"elementor-spacer-inner\"><\/div>\n\t\t<\/div>\n\t\t\t\t\t\t<\/div>\n\t\t\t\t<\/div>\n\t\t\t\t\t<\/div>\n\t\t<\/div>\n\t\t\t\t\t<\/div>\n\t\t<\/section>\n\t\t\t\t<\/div>\n\t\t","protected":false},"excerpt":{"rendered":"<p>Qui suis-je ? Je m&rsquo;appelle Mohamed, je suis n\u00e9 et je vis \u00e0 Merzouga au sud-est du Maroc, j&rsquo;ai grandi avec les animaux et les oiseaux du d\u00e9sert, ce qui m&rsquo;a fait aimer ces petites cr\u00e9atures, puis j&rsquo;ai commenc\u00e9 \u00e0 me demander comment ces oiseaux vivent dans ce d\u00e9sert, l&rsquo;eau ici est peu abondante et [&hellip;]<\/p>\n","protected":false},"author":1,"featured_media":0,"parent":0,"menu_order":0,"comment_status":"closed","ping_status":"closed","template":"elementor_header_footer","meta":{"footnotes":""},"class_list":["post-2929","page","type-page","status-publish","hentry","entry"],"_links":{"self":[{"href":"https:\/\/merzougabirding.com\/fr\/wp-json\/wp\/v2\/pages\/2929","targetHints":{"allow":["GET"]}}],"collection":[{"href":"https:\/\/merzougabirding.com\/fr\/wp-json\/wp\/v2\/pages"}],"about":[{"href":"https:\/\/merzougabirding.com\/fr\/wp-json\/wp\/v2\/types\/page"}],"author":[{"embeddable":true,"href":"https:\/\/merzougabirding.com\/fr\/wp-json\/wp\/v2\/users\/1"}],"replies":[{"embeddable":true,"href":"https:\/\/merzougabirding.com\/fr\/wp-json\/wp\/v2\/comments?post=2929"}],"version-history":[{"count":3,"href":"https:\/\/merzougabirding.com\/fr\/wp-json\/wp\/v2\/pages\/2929\/revisions"}],"predecessor-version":[{"id":4827,"href":"https:\/\/merzougabirding.com\/fr\/wp-json\/wp\/v2\/pages\/2929\/revisions\/4827"}],"wp:attachment":[{"href":"https:\/\/merzougabirding.com\/fr\/wp-json\/wp\/v2\/media?parent=2929"}],"curies":[{"name":"wp","href":"https:\/\/api.w.org\/{rel}","templated":true}]}}