{"id":3066,"date":"2023-01-20T15:10:56","date_gmt":"2023-01-20T15:10:56","guid":{"rendered":"https:\/\/merzougabirding.com\/?page_id=3066"},"modified":"2024-03-08T17:16:07","modified_gmt":"2024-03-08T17:16:07","slug":"blog-2","status":"publish","type":"page","link":"https:\/\/merzougabirding.com\/es\/blog-2\/","title":{"rendered":"Blog"},"content":{"rendered":"\t\t<div data-elementor-type=\"wp-page\" data-elementor-id=\"3066\" class=\"elementor elementor-3066 elementor-32\" data-elementor-post-type=\"page\">\n\t\t\t\t\t\t<section class=\"elementor-section elementor-top-section elementor-element elementor-element-b157448 elementor-section-boxed elementor-section-height-default elementor-section-height-default\" data-id=\"b157448\" data-element_type=\"section\" data-e-type=\"section\" data-settings=\"{&quot;background_background&quot;:&quot;classic&quot;}\">\n\t\t\t\t\t\t<div class=\"elementor-container elementor-column-gap-default\">\n\t\t\t\t\t<div class=\"elementor-column elementor-col-100 elementor-top-column elementor-element elementor-element-65db2296\" data-id=\"65db2296\" data-element_type=\"column\" data-e-type=\"column\" data-settings=\"{&quot;background_background&quot;:&quot;classic&quot;}\">\n\t\t\t<div class=\"elementor-widget-wrap elementor-element-populated\">\n\t\t\t\t\t\t<section class=\"elementor-section elementor-inner-section elementor-element elementor-element-158e09a8 elementor-section-height-min-height elementor-section-boxed elementor-section-height-default\" data-id=\"158e09a8\" data-element_type=\"section\" data-e-type=\"section\">\n\t\t\t\t\t\t<div class=\"elementor-container elementor-column-gap-default\">\n\t\t\t\t\t<div class=\"elementor-column elementor-col-100 elementor-inner-column elementor-element elementor-element-5408cedf\" data-id=\"5408cedf\" data-element_type=\"column\" data-e-type=\"column\">\n\t\t\t<div class=\"elementor-widget-wrap elementor-element-populated\">\n\t\t\t\t\t\t<div class=\"elementor-element elementor-element-70428f21 elementor-widget elementor-widget-heading\" data-id=\"70428f21\" data-element_type=\"widget\" data-e-type=\"widget\" data-widget_type=\"heading.default\">\n\t\t\t\t<div class=\"elementor-widget-container\">\n\t\t\t\t\t<h2 class=\"elementor-heading-title elementor-size-default\">Merzouga Birding Blog<\/h2>\t\t\t\t<\/div>\n\t\t\t\t<\/div>\n\t\t\t\t\t<\/div>\n\t\t<\/div>\n\t\t\t\t\t<\/div>\n\t\t<\/section>\n\t\t\t\t<div class=\"elementor-element elementor-element-996cad7 elementor-widget elementor-widget-text-editor\" data-id=\"996cad7\" data-element_type=\"widget\" data-e-type=\"widget\" data-widget_type=\"text-editor.default\">\n\t\t\t\t<div class=\"elementor-widget-container\">\n\t\t\t\t\t\t\t\t\t<p>Si eres un observador y amante de las aves encontrar\u00e1s este blog como un para\u00edso de informaci\u00f3n, ya que aqu\u00ed encontrar\u00e1s todo lo que necesitas saber sobre cualquier ave. Hacemos todo lo posible para ofrecerle el m\u00e1ximo de informaci\u00f3n sobre cada ave de los lugare\u00f1os.<\/p>\t\t\t\t\t\t\t\t<\/div>\n\t\t\t\t<\/div>\n\t\t\t\t<div class=\"elementor-element elementor-element-3226e256 elementor-grid-3 elementor-grid-tablet-2 elementor-grid-mobile-1 elementor-posts--thumbnail-top elementor-card-shadow-yes elementor-posts__hover-gradient elementor-widget elementor-widget-posts\" data-id=\"3226e256\" data-element_type=\"widget\" data-e-type=\"widget\" data-settings=\"{&quot;pagination_type&quot;:&quot;numbers_and_prev_next&quot;,&quot;cards_columns&quot;:&quot;3&quot;,&quot;cards_columns_tablet&quot;:&quot;2&quot;,&quot;cards_columns_mobile&quot;:&quot;1&quot;,&quot;cards_row_gap&quot;:{&quot;unit&quot;:&quot;px&quot;,&quot;size&quot;:35,&quot;sizes&quot;:[]},&quot;cards_row_gap_tablet&quot;:{&quot;unit&quot;:&quot;px&quot;,&quot;size&quot;:&quot;&quot;,&quot;sizes&quot;:[]},&quot;cards_row_gap_mobile&quot;:{&quot;unit&quot;:&quot;px&quot;,&quot;size&quot;:&quot;&quot;,&quot;sizes&quot;:[]}}\" data-widget_type=\"posts.cards\">\n\t\t\t\t<div class=\"elementor-widget-container\">\n\t\t\t\t\t\t\t<div class=\"elementor-posts-container elementor-posts elementor-posts--skin-cards elementor-grid\" role=\"list\">\n\t\t\t\t<article class=\"elementor-post elementor-grid-item post-4600 post type-post status-publish format-standard has-post-thumbnail hentry category-aves-del-mundo entry has-media\" role=\"listitem\">\n\t\t\t<div class=\"elementor-post__card\">\n\t\t\t\t<a class=\"elementor-post__thumbnail__link\" href=\"https:\/\/merzougabirding.com\/es\/pato-vs-ganso\/\" tabindex=\"-1\" ><div class=\"elementor-post__thumbnail\"><img fetchpriority=\"high\" decoding=\"async\" width=\"1024\" height=\"576\" src=\"https:\/\/merzougabirding.com\/wp-content\/uploads\/2026\/02\/Duck-vs-Goose-1024x576.png\" class=\"attachment-large size-large wp-image-4599\" alt=\"Pato vs Ganso\" srcset=\"https:\/\/merzougabirding.com\/wp-content\/uploads\/2026\/02\/Duck-vs-Goose-1024x576.png 1024w, https:\/\/merzougabirding.com\/wp-content\/uploads\/2026\/02\/Duck-vs-Goose-300x169.png 300w, https:\/\/merzougabirding.com\/wp-content\/uploads\/2026\/02\/Duck-vs-Goose-768x432.png 768w, https:\/\/merzougabirding.com\/wp-content\/uploads\/2026\/02\/Duck-vs-Goose.png 1280w\" sizes=\"(max-width: 1024px) 100vw, 1024px\" \/><\/div><\/a>\n\t\t\t\t<div class=\"elementor-post__text\">\n\t\t\t\t<h3 class=\"elementor-post__title\">\n\t\t\t<a href=\"https:\/\/merzougabirding.com\/es\/pato-vs-ganso\/\" >\n\t\t\t\tPato vs Ganso: diferencias clave que debes conocer\t\t\t<\/a>\n\t\t<\/h3>\n\t\t\t\t<div class=\"elementor-post__excerpt\">\n\t\t\t<p>Los patos y los gansos son aves acu\u00e1ticas pertenecientes a la familia Anatidae. A menudo habitan los mismos entornos, como lagos, r\u00edos y estanques. A pesar de sus similitudes, son animales distintos con comportamientos, caracter\u00edsticas f\u00edsicas y ciclos de vida \u00fanicos. Este art\u00edculo ofrece una comparaci\u00f3n detallada de las diferencias<\/p>\n\t\t<\/div>\n\t\t\n\t\t<a class=\"elementor-post__read-more\" href=\"https:\/\/merzougabirding.com\/es\/pato-vs-ganso\/\" aria-label=\"Read more about Pato vs Ganso: diferencias clave que debes conocer\" tabindex=\"-1\" >\n\t\t\tLeer M\u00e1s \u00bb\t\t<\/a>\n\n\t\t\t\t<\/div>\n\t\t\t\t\t<\/div>\n\t\t<\/article>\n\t\t\t\t<article class=\"elementor-post elementor-grid-item post-4655 post type-post status-publish format-standard has-post-thumbnail hentry category-aves-del-mundo entry has-media\" role=\"listitem\">\n\t\t\t<div class=\"elementor-post__card\">\n\t\t\t\t<a class=\"elementor-post__thumbnail__link\" href=\"https:\/\/merzougabirding.com\/es\/aves-de-merzouga-marruecos\/\" tabindex=\"-1\" ><div class=\"elementor-post__thumbnail\"><img decoding=\"async\" width=\"746\" height=\"436\" src=\"https:\/\/merzougabirding.com\/wp-content\/uploads\/2025\/10\/Egyptian-Nightjar.png\" class=\"attachment-large size-large wp-image-4639\" alt=\"Chotacabras egipcio\" srcset=\"https:\/\/merzougabirding.com\/wp-content\/uploads\/2025\/10\/Egyptian-Nightjar.png 746w, https:\/\/merzougabirding.com\/wp-content\/uploads\/2025\/10\/Egyptian-Nightjar-300x175.png 300w\" sizes=\"(max-width: 746px) 100vw, 746px\" \/><\/div><\/a>\n\t\t\t\t<div class=\"elementor-post__text\">\n\t\t\t\t<h3 class=\"elementor-post__title\">\n\t\t\t<a href=\"https:\/\/merzougabirding.com\/es\/aves-de-merzouga-marruecos\/\" >\n\t\t\t\tAves de Merzouga (Marruecos): una gu\u00eda sencilla para visitantes\t\t\t<\/a>\n\t\t<\/h3>\n\t\t\t\t<div class=\"elementor-post__excerpt\">\n\t\t\t<p>Merzouga es un lugar famoso en Marruecos, principalmente por las grandes dunas de arena llamadas Erg Chebbi. Es como una puerta de entrada al desierto. Mucha gente viene aqu\u00ed solo para ver la arena y montar en camello. Es un lugar muy bonito y tranquilo. Pero Merzouga tambi\u00e9n es un<\/p>\n\t\t<\/div>\n\t\t\n\t\t<a class=\"elementor-post__read-more\" href=\"https:\/\/merzougabirding.com\/es\/aves-de-merzouga-marruecos\/\" aria-label=\"Read more about Aves de Merzouga (Marruecos): una gu\u00eda sencilla para visitantes\" tabindex=\"-1\" >\n\t\t\tLeer M\u00e1s \u00bb\t\t<\/a>\n\n\t\t\t\t<\/div>\n\t\t\t\t\t<\/div>\n\t\t<\/article>\n\t\t\t\t<article class=\"elementor-post elementor-grid-item post-3946 post type-post status-publish format-standard has-post-thumbnail hentry category-worldwide-birds category-aves-del-mundo entry has-media\" role=\"listitem\">\n\t\t\t<div class=\"elementor-post__card\">\n\t\t\t\t<a class=\"elementor-post__thumbnail__link\" href=\"https:\/\/merzougabirding.com\/es\/aguila-vs-buho\/\" tabindex=\"-1\" ><div class=\"elementor-post__thumbnail\"><img decoding=\"async\" width=\"740\" height=\"416\" src=\"https:\/\/merzougabirding.com\/wp-content\/uploads\/2024\/09\/Aguila-Vs-Buho.png\" class=\"attachment-large size-large wp-image-3950\" alt=\"Aguila Vs Buho\" srcset=\"https:\/\/merzougabirding.com\/wp-content\/uploads\/2024\/09\/Aguila-Vs-Buho.png 740w, https:\/\/merzougabirding.com\/wp-content\/uploads\/2024\/09\/Aguila-Vs-Buho-300x169.png 300w\" sizes=\"(max-width: 740px) 100vw, 740px\" \/><\/div><\/a>\n\t\t\t\t<div class=\"elementor-post__text\">\n\t\t\t\t<h3 class=\"elementor-post__title\">\n\t\t\t<a href=\"https:\/\/merzougabirding.com\/es\/aguila-vs-buho\/\" >\n\t\t\t\tAguila Vs Buho (principales diferencias)\t\t\t<\/a>\n\t\t<\/h3>\n\t\t\t\t<div class=\"elementor-post__excerpt\">\n\t\t\t<p>\u00c1guila y b\u00faho son dos de las aves rapaces m\u00e1s cautivadoras, ambas conocidas por su destreza en la caza y su papel vital en el ecosistema. Aunque comparten algunas similitudes como grandes depredadores, tambi\u00e9n presentan diferencias significativas que las diferencian en cuanto a comportamiento, caracter\u00edsticas f\u00edsicas y t\u00e9cnicas de caza.<\/p>\n\t\t<\/div>\n\t\t\n\t\t<a class=\"elementor-post__read-more\" href=\"https:\/\/merzougabirding.com\/es\/aguila-vs-buho\/\" aria-label=\"Read more about Aguila Vs Buho (principales diferencias)\" tabindex=\"-1\" >\n\t\t\tLeer M\u00e1s \u00bb\t\t<\/a>\n\n\t\t\t\t<\/div>\n\t\t\t\t\t<\/div>\n\t\t<\/article>\n\t\t\t\t<article class=\"elementor-post elementor-grid-item post-3862 post type-post status-publish format-standard has-post-thumbnail hentry category-aves-del-mundo entry has-media\" role=\"listitem\">\n\t\t\t<div class=\"elementor-post__card\">\n\t\t\t\t<a class=\"elementor-post__thumbnail__link\" href=\"https:\/\/merzougabirding.com\/es\/cuervos-y-cornejas\/\" tabindex=\"-1\" ><div class=\"elementor-post__thumbnail\"><img loading=\"lazy\" decoding=\"async\" width=\"720\" height=\"480\" src=\"https:\/\/merzougabirding.com\/wp-content\/uploads\/2024\/08\/Raven-Vs-Crow.png\" class=\"attachment-large size-large wp-image-3860\" alt=\"Raven Vs Crow\" srcset=\"https:\/\/merzougabirding.com\/wp-content\/uploads\/2024\/08\/Raven-Vs-Crow.png 720w, https:\/\/merzougabirding.com\/wp-content\/uploads\/2024\/08\/Raven-Vs-Crow-300x200.png 300w\" sizes=\"(max-width: 720px) 100vw, 720px\" \/><\/div><\/a>\n\t\t\t\t<div class=\"elementor-post__text\">\n\t\t\t\t<h3 class=\"elementor-post__title\">\n\t\t\t<a href=\"https:\/\/merzougabirding.com\/es\/cuervos-y-cornejas\/\" >\n\t\t\t\tCuervo vs corneja: 7 diferencias sorprendentes que nunca hab\u00edas notado\t\t\t<\/a>\n\t\t<\/h3>\n\t\t\t\t<div class=\"elementor-post__excerpt\">\n\t\t\t<p>En el enigm\u00e1tico mundo de los c\u00f3rvidos, los cuervos y las cornejas reinan como algunas de las aves m\u00e1s inteligentes y adaptables. Aunque su llamativo plumaje negro y su inteligente comportamiento a menudo provocan confusi\u00f3n entre ambos, los cuervos y las cornejas son muy diferentes en muchos aspectos. En este<\/p>\n\t\t<\/div>\n\t\t\n\t\t<a class=\"elementor-post__read-more\" href=\"https:\/\/merzougabirding.com\/es\/cuervos-y-cornejas\/\" aria-label=\"Read more about Cuervo vs corneja: 7 diferencias sorprendentes que nunca hab\u00edas notado\" tabindex=\"-1\" >\n\t\t\tLeer M\u00e1s \u00bb\t\t<\/a>\n\n\t\t\t\t<\/div>\n\t\t\t\t\t<\/div>\n\t\t<\/article>\n\t\t\t\t<article class=\"elementor-post elementor-grid-item post-3810 post type-post status-publish format-standard has-post-thumbnail hentry category-worldwide-birds category-aves-del-mundo entry has-media\" role=\"listitem\">\n\t\t\t<div class=\"elementor-post__card\">\n\t\t\t\t<a class=\"elementor-post__thumbnail__link\" href=\"https:\/\/merzougabirding.com\/es\/como-ahuyentar-a-los-pajaros-del-jardin\/\" tabindex=\"-1\" ><div class=\"elementor-post__thumbnail\"><img loading=\"lazy\" decoding=\"async\" width=\"740\" height=\"416\" src=\"https:\/\/merzougabirding.com\/wp-content\/uploads\/2024\/08\/How-To-Keep-Birds-Out-of-a-Garden.png\" class=\"attachment-large size-large wp-image-3803\" alt=\"How To Keep Birds Out of a Garden\" srcset=\"https:\/\/merzougabirding.com\/wp-content\/uploads\/2024\/08\/How-To-Keep-Birds-Out-of-a-Garden.png 740w, https:\/\/merzougabirding.com\/wp-content\/uploads\/2024\/08\/How-To-Keep-Birds-Out-of-a-Garden-300x169.png 300w\" sizes=\"(max-width: 740px) 100vw, 740px\" \/><\/div><\/a>\n\t\t\t\t<div class=\"elementor-post__text\">\n\t\t\t\t<h3 class=\"elementor-post__title\">\n\t\t\t<a href=\"https:\/\/merzougabirding.com\/es\/como-ahuyentar-a-los-pajaros-del-jardin\/\" >\n\t\t\t\tC\u00f3mo ahuyentar a los p\u00e1jaros del jard\u00edn: Una gu\u00eda completa\t\t\t<\/a>\n\t\t<\/h3>\n\t\t\t\t<div class=\"elementor-post__excerpt\">\n\t\t\t<p>La jardiner\u00eda es un pasatiempo sereno y gratificante, pero a veces los p\u00e1jaros pueden convertirse en hu\u00e9spedes no invitados que se comen sus preciosas plantas y frutos. Aunque amamos a nuestros amigos emplumados, es importante encontrar un equilibrio para proteger nuestros jardines. Por eso, le ofrezco una gu\u00eda sobre c\u00f3mo<\/p>\n\t\t<\/div>\n\t\t\n\t\t<a class=\"elementor-post__read-more\" href=\"https:\/\/merzougabirding.com\/es\/como-ahuyentar-a-los-pajaros-del-jardin\/\" aria-label=\"Read more about C\u00f3mo ahuyentar a los p\u00e1jaros del jard\u00edn: Una gu\u00eda completa\" tabindex=\"-1\" >\n\t\t\tLeer M\u00e1s \u00bb\t\t<\/a>\n\n\t\t\t\t<\/div>\n\t\t\t\t\t<\/div>\n\t\t<\/article>\n\t\t\t\t<article class=\"elementor-post elementor-grid-item post-3581 post type-post status-publish format-standard has-post-thumbnail hentry category-worldwide-birds category-aves-del-mundo entry has-media\" role=\"listitem\">\n\t\t\t<div class=\"elementor-post__card\">\n\t\t\t\t<a class=\"elementor-post__thumbnail__link\" href=\"https:\/\/merzougabirding.com\/es\/aguila-calva-frente-a-aguila-real-comparacion\/\" tabindex=\"-1\" ><div class=\"elementor-post__thumbnail\"><img loading=\"lazy\" decoding=\"async\" width=\"800\" height=\"450\" src=\"https:\/\/merzougabirding.com\/wp-content\/uploads\/2024\/04\/Bald-Eagle-vs-Golden-Eagle.jpg\" class=\"attachment-large size-large wp-image-3556\" alt=\"Bald Eagle vs Golden Eagle\" srcset=\"https:\/\/merzougabirding.com\/wp-content\/uploads\/2024\/04\/Bald-Eagle-vs-Golden-Eagle.jpg 800w, https:\/\/merzougabirding.com\/wp-content\/uploads\/2024\/04\/Bald-Eagle-vs-Golden-Eagle-300x169.jpg 300w, https:\/\/merzougabirding.com\/wp-content\/uploads\/2024\/04\/Bald-Eagle-vs-Golden-Eagle-768x432.jpg 768w\" sizes=\"(max-width: 800px) 100vw, 800px\" \/><\/div><\/a>\n\t\t\t\t<div class=\"elementor-post__text\">\n\t\t\t\t<h3 class=\"elementor-post__title\">\n\t\t\t<a href=\"https:\/\/merzougabirding.com\/es\/aguila-calva-frente-a-aguila-real-comparacion\/\" >\n\t\t\t\t\u00c1guila calva frente a \u00e1guila real (comparaci\u00f3n)\t\t\t<\/a>\n\t\t<\/h3>\n\t\t\t\t<div class=\"elementor-post__excerpt\">\n\t\t\t<p>Muchas personas encuentran dificultades cuando intentan distinguir entre un \u00e1guila calva y un \u00e1guila real y yo era uno de ellos porque estas especies se parecen en sus caracter\u00edsticas f\u00edsicas adem\u00e1s de ciertos comportamientos y h\u00e1bitats. Como gu\u00eda ornitol\u00f3gico con a\u00f1os de experiencia en la observaci\u00f3n de aves, las comparar\u00e9<\/p>\n\t\t<\/div>\n\t\t\n\t\t<a class=\"elementor-post__read-more\" href=\"https:\/\/merzougabirding.com\/es\/aguila-calva-frente-a-aguila-real-comparacion\/\" aria-label=\"Read more about \u00c1guila calva frente a \u00e1guila real (comparaci\u00f3n)\" tabindex=\"-1\" >\n\t\t\tLeer M\u00e1s \u00bb\t\t<\/a>\n\n\t\t\t\t<\/div>\n\t\t\t\t\t<\/div>\n\t\t<\/article>\n\t\t\t\t<article class=\"elementor-post elementor-grid-item post-2993 post type-post status-publish format-standard has-post-thumbnail hentry category-worldwide-birds category-aves-del-mundo entry has-media\" role=\"listitem\">\n\t\t\t<div class=\"elementor-post__card\">\n\t\t\t\t<a class=\"elementor-post__thumbnail__link\" href=\"https:\/\/merzougabirding.com\/es\/consejos-para-la-observacion-de-aves\/\" tabindex=\"-1\" ><div class=\"elementor-post__thumbnail\"><img loading=\"lazy\" decoding=\"async\" width=\"1000\" height=\"667\" src=\"https:\/\/merzougabirding.com\/wp-content\/uploads\/2024\/03\/Bird-Watching-Tips.jpg\" class=\"attachment-large size-large wp-image-2813\" alt=\"Bird-Watching Tips\" srcset=\"https:\/\/merzougabirding.com\/wp-content\/uploads\/2024\/03\/Bird-Watching-Tips.jpg 1000w, https:\/\/merzougabirding.com\/wp-content\/uploads\/2024\/03\/Bird-Watching-Tips-300x200.jpg 300w, https:\/\/merzougabirding.com\/wp-content\/uploads\/2024\/03\/Bird-Watching-Tips-768x512.jpg 768w\" sizes=\"(max-width: 1000px) 100vw, 1000px\" \/><\/div><\/a>\n\t\t\t\t<div class=\"elementor-post__text\">\n\t\t\t\t<h3 class=\"elementor-post__title\">\n\t\t\t<a href=\"https:\/\/merzougabirding.com\/es\/consejos-para-la-observacion-de-aves\/\" >\n\t\t\t\tConsejos para la observaci\u00f3n de aves &#8211; Gu\u00eda para principiantes\t\t\t<\/a>\n\t\t<\/h3>\n\t\t\t\t<div class=\"elementor-post__excerpt\">\n\t\t\t<p>Bird-watching o Birding son viajes o excursiones para un tipo de personas que aman las aves y la naturaleza, Ofrecen muchas oportunidades para disfrutar observando el comportamiento de las aves y obtener conocimientos sobre ellas. Tanto si eres un observador de aves novato como si buscas mejorar tus habilidades para<\/p>\n\t\t<\/div>\n\t\t\n\t\t<a class=\"elementor-post__read-more\" href=\"https:\/\/merzougabirding.com\/es\/consejos-para-la-observacion-de-aves\/\" aria-label=\"Read more about Consejos para la observaci\u00f3n de aves &#8211; Gu\u00eda para principiantes\" tabindex=\"-1\" >\n\t\t\tLeer M\u00e1s \u00bb\t\t<\/a>\n\n\t\t\t\t<\/div>\n\t\t\t\t\t<\/div>\n\t\t<\/article>\n\t\t\t\t<article class=\"elementor-post elementor-grid-item post-3010 post type-post status-publish format-standard has-post-thumbnail hentry category-worldwide-birds category-aves-del-mundo entry has-media\" role=\"listitem\">\n\t\t\t<div class=\"elementor-post__card\">\n\t\t\t\t<a class=\"elementor-post__thumbnail__link\" href=\"https:\/\/merzougabirding.com\/es\/aguila-vs-halcon\/\" tabindex=\"-1\" ><div class=\"elementor-post__thumbnail\"><img loading=\"lazy\" decoding=\"async\" width=\"800\" height=\"450\" src=\"https:\/\/merzougabirding.com\/wp-content\/uploads\/2024\/02\/Eagle-Vs-Hawk.jpg\" class=\"attachment-large size-large wp-image-2780\" alt=\"Eagle Vs Hawk\" srcset=\"https:\/\/merzougabirding.com\/wp-content\/uploads\/2024\/02\/Eagle-Vs-Hawk.jpg 800w, https:\/\/merzougabirding.com\/wp-content\/uploads\/2024\/02\/Eagle-Vs-Hawk-300x169.jpg 300w, https:\/\/merzougabirding.com\/wp-content\/uploads\/2024\/02\/Eagle-Vs-Hawk-768x432.jpg 768w\" sizes=\"(max-width: 800px) 100vw, 800px\" \/><\/div><\/a>\n\t\t\t\t<div class=\"elementor-post__text\">\n\t\t\t\t<h3 class=\"elementor-post__title\">\n\t\t\t<a href=\"https:\/\/merzougabirding.com\/es\/aguila-vs-halcon\/\" >\n\t\t\t\t\u00c1guila vs Halc\u00f3n: Cu\u00e1l es m\u00e1s r\u00e1pido, fuerte y letal?\t\t\t<\/a>\n\t\t<\/h3>\n\t\t\t\t<div class=\"elementor-post__excerpt\">\n\t\t\t<p>En el vasto mundo de las aves rapaces, \u00e1guilas y halcones destacan como majestuosos y poderosos depredadores a\u00e9reos. A muchas personas les resulta dif\u00edcil distinguir entre estas magn\u00edficas criaturas, ya que ambas comparten ciertas caracter\u00edsticas. En este art\u00edculo profundizaremos en las diferencias entre \u00e1guilas y halcones, desentra\u00f1ando sus rasgos y<\/p>\n\t\t<\/div>\n\t\t\n\t\t<a class=\"elementor-post__read-more\" href=\"https:\/\/merzougabirding.com\/es\/aguila-vs-halcon\/\" aria-label=\"Read more about \u00c1guila vs Halc\u00f3n: Cu\u00e1l es m\u00e1s r\u00e1pido, fuerte y letal?\" tabindex=\"-1\" >\n\t\t\tLeer M\u00e1s \u00bb\t\t<\/a>\n\n\t\t\t\t<\/div>\n\t\t\t\t\t<\/div>\n\t\t<\/article>\n\t\t\t\t<article class=\"elementor-post elementor-grid-item post-2961 post type-post status-publish format-standard has-post-thumbnail hentry category-worldwide-birds category-aves-del-mundo entry has-media\" role=\"listitem\">\n\t\t\t<div class=\"elementor-post__card\">\n\t\t\t\t<a class=\"elementor-post__thumbnail__link\" href=\"https:\/\/merzougabirding.com\/es\/por-que-extienden-las-alas-las-aves-respuesta\/\" tabindex=\"-1\" ><div class=\"elementor-post__thumbnail\"><img loading=\"lazy\" decoding=\"async\" width=\"774\" height=\"563\" src=\"https:\/\/merzougabirding.com\/wp-content\/uploads\/2023\/10\/Why-Do-Birds-Spread-Their-Wings-Answered.png\" class=\"attachment-large size-large wp-image-2591\" alt=\"Why Do Birds Spread Their Wings\" srcset=\"https:\/\/merzougabirding.com\/wp-content\/uploads\/2023\/10\/Why-Do-Birds-Spread-Their-Wings-Answered.png 774w, https:\/\/merzougabirding.com\/wp-content\/uploads\/2023\/10\/Why-Do-Birds-Spread-Their-Wings-Answered-300x218.png 300w, https:\/\/merzougabirding.com\/wp-content\/uploads\/2023\/10\/Why-Do-Birds-Spread-Their-Wings-Answered-768x559.png 768w\" sizes=\"(max-width: 774px) 100vw, 774px\" \/><\/div><\/a>\n\t\t\t\t<div class=\"elementor-post__text\">\n\t\t\t\t<h3 class=\"elementor-post__title\">\n\t\t\t<a href=\"https:\/\/merzougabirding.com\/es\/por-que-extienden-las-alas-las-aves-respuesta\/\" >\n\t\t\t\tPor qu\u00e9 extienden las alas las aves? (Respuesta)\t\t\t<\/a>\n\t\t<\/h3>\n\t\t\t\t<div class=\"elementor-post__excerpt\">\n\t\t\t<p>Seguro que muchas veces has visto a los p\u00e1jaros desplegar las alas y te has preguntado por qu\u00e9 lo hacen. Voy a darte la raz\u00f3n y a explic\u00e1rtela. Las aves extienden las alas por varias razones, entre ellas la termorregulaci\u00f3n para refrescarse o calentarse, secarse las plumas mojadas para aislarse,<\/p>\n\t\t<\/div>\n\t\t\n\t\t<a class=\"elementor-post__read-more\" href=\"https:\/\/merzougabirding.com\/es\/por-que-extienden-las-alas-las-aves-respuesta\/\" aria-label=\"Read more about Por qu\u00e9 extienden las alas las aves? (Respuesta)\" tabindex=\"-1\" >\n\t\t\tLeer M\u00e1s \u00bb\t\t<\/a>\n\n\t\t\t\t<\/div>\n\t\t\t\t\t<\/div>\n\t\t<\/article>\n\t\t\t\t<\/div>\n\t\t\n\t\t\t\t<div class=\"e-load-more-anchor\" data-page=\"1\" data-max-page=\"3\" data-next-page=\"https:\/\/merzougabirding.com\/es\/wp-json\/wp\/v2\/pages\/3066\/page\/2\/\"><\/div>\n\t\t\t\t<nav class=\"elementor-pagination\" aria-label=\"Pagination\">\n\t\t\t<span class=\"page-numbers prev\">&laquo; Previous<\/span>\n<span aria-current=\"page\" class=\"page-numbers current\"><span class=\"elementor-screen-only\">Page<\/span>1<\/span>\n<a class=\"page-numbers\" href=\"https:\/\/merzougabirding.com\/es\/wp-json\/wp\/v2\/pages\/3066\/page\/2\/\"><span class=\"elementor-screen-only\">Page<\/span>2<\/a>\n<a class=\"page-numbers\" href=\"https:\/\/merzougabirding.com\/es\/wp-json\/wp\/v2\/pages\/3066\/page\/3\/\"><span class=\"elementor-screen-only\">Page<\/span>3<\/a>\n<a class=\"page-numbers next\" href=\"https:\/\/merzougabirding.com\/es\/wp-json\/wp\/v2\/pages\/3066\/page\/2\/\">Next &raquo;<\/a>\t\t<\/nav>\n\t\t\t\t\t\t<\/div>\n\t\t\t\t<\/div>\n\t\t\t\t<div class=\"elementor-element elementor-element-12ae2910 elementor-widget elementor-widget-spacer\" data-id=\"12ae2910\" data-element_type=\"widget\" data-e-type=\"widget\" data-widget_type=\"spacer.default\">\n\t\t\t\t<div class=\"elementor-widget-container\">\n\t\t\t\t\t\t\t<div class=\"elementor-spacer\">\n\t\t\t<div class=\"elementor-spacer-inner\"><\/div>\n\t\t<\/div>\n\t\t\t\t\t\t<\/div>\n\t\t\t\t<\/div>\n\t\t\t\t<div class=\"elementor-element elementor-element-5d29372b elementor-widget elementor-widget-spacer\" data-id=\"5d29372b\" data-element_type=\"widget\" data-e-type=\"widget\" data-widget_type=\"spacer.default\">\n\t\t\t\t<div class=\"elementor-widget-container\">\n\t\t\t\t\t\t\t<div class=\"elementor-spacer\">\n\t\t\t<div class=\"elementor-spacer-inner\"><\/div>\n\t\t<\/div>\n\t\t\t\t\t\t<\/div>\n\t\t\t\t<\/div>\n\t\t\t\t\t<\/div>\n\t\t<\/div>\n\t\t\t\t\t<\/div>\n\t\t<\/section>\n\t\t\t\t<\/div>\n\t\t","protected":false},"excerpt":{"rendered":"<p>Merzouga Birding Blog Si eres un observador y amante de las aves encontrar\u00e1s este blog como un para\u00edso de informaci\u00f3n, ya que aqu\u00ed encontrar\u00e1s todo lo que necesitas saber sobre cualquier ave. Hacemos todo lo posible para ofrecerle el m\u00e1ximo de informaci\u00f3n sobre cada ave de los lugare\u00f1os.<\/p>\n","protected":false},"author":1,"featured_media":0,"parent":0,"menu_order":0,"comment_status":"closed","ping_status":"closed","template":"elementor_header_footer","meta":{"footnotes":""},"class_list":["post-3066","page","type-page","status-publish","hentry","entry","has-media"],"_links":{"self":[{"href":"https:\/\/merzougabirding.com\/es\/wp-json\/wp\/v2\/pages\/3066","targetHints":{"allow":["GET"]}}],"collection":[{"href":"https:\/\/merzougabirding.com\/es\/wp-json\/wp\/v2\/pages"}],"about":[{"href":"https:\/\/merzougabirding.com\/es\/wp-json\/wp\/v2\/types\/page"}],"author":[{"embeddable":true,"href":"https:\/\/merzougabirding.com\/es\/wp-json\/wp\/v2\/users\/1"}],"replies":[{"embeddable":true,"href":"https:\/\/merzougabirding.com\/es\/wp-json\/wp\/v2\/comments?post=3066"}],"version-history":[{"count":0,"href":"https:\/\/merzougabirding.com\/es\/wp-json\/wp\/v2\/pages\/3066\/revisions"}],"wp:attachment":[{"href":"https:\/\/merzougabirding.com\/es\/wp-json\/wp\/v2\/media?parent=3066"}],"curies":[{"name":"wp","href":"https:\/\/api.w.org\/{rel}","templated":true}]}}