{"id":2903,"date":"2023-01-20T10:30:49","date_gmt":"2023-01-20T10:30:49","guid":{"rendered":"https:\/\/merzougabirding.com\/?page_id=2903"},"modified":"2024-03-07T11:50:57","modified_gmt":"2024-03-07T11:50:57","slug":"quienes-somos","status":"publish","type":"page","link":"https:\/\/merzougabirding.com\/es\/quienes-somos\/","title":{"rendered":"Qui\u00e9nes somos"},"content":{"rendered":"\t\t<div data-elementor-type=\"wp-page\" data-elementor-id=\"2903\" class=\"elementor elementor-2903 elementor-25\" data-elementor-post-type=\"page\">\n\t\t\t\t\t\t<section class=\"elementor-section elementor-top-section elementor-element elementor-element-5be4497 elementor-section-boxed elementor-section-height-default elementor-section-height-default\" data-id=\"5be4497\" data-element_type=\"section\" data-e-type=\"section\">\n\t\t\t\t\t\t<div class=\"elementor-container elementor-column-gap-default\">\n\t\t\t\t\t<div class=\"elementor-column elementor-col-100 elementor-top-column elementor-element elementor-element-5ba3be7\" data-id=\"5ba3be7\" data-element_type=\"column\" data-e-type=\"column\">\n\t\t\t<div class=\"elementor-widget-wrap elementor-element-populated\">\n\t\t\t\t\t\t<section class=\"elementor-section elementor-inner-section elementor-element elementor-element-835bb17 elementor-section-boxed elementor-section-height-default elementor-section-height-default\" data-id=\"835bb17\" data-element_type=\"section\" data-e-type=\"section\">\n\t\t\t\t\t\t<div class=\"elementor-container elementor-column-gap-default\">\n\t\t\t\t\t<div class=\"elementor-column elementor-col-100 elementor-inner-column elementor-element elementor-element-eb925bf\" data-id=\"eb925bf\" data-element_type=\"column\" data-e-type=\"column\">\n\t\t\t<div class=\"elementor-widget-wrap elementor-element-populated\">\n\t\t\t\t\t\t<div class=\"elementor-element elementor-element-e039731 elementor-widget elementor-widget-heading\" data-id=\"e039731\" data-element_type=\"widget\" data-e-type=\"widget\" data-widget_type=\"heading.default\">\n\t\t\t\t<div class=\"elementor-widget-container\">\n\t\t\t\t\t<h1 class=\"elementor-heading-title elementor-size-default\">Qui\u00e9n soy?<\/h1>\t\t\t\t<\/div>\n\t\t\t\t<\/div>\n\t\t\t\t\t<\/div>\n\t\t<\/div>\n\t\t\t\t\t<\/div>\n\t\t<\/section>\n\t\t\t\t\t<\/div>\n\t\t<\/div>\n\t\t\t\t\t<\/div>\n\t\t<\/section>\n\t\t\t\t<section class=\"elementor-section elementor-top-section elementor-element elementor-element-212ee33 elementor-section-boxed elementor-section-height-default elementor-section-height-default\" data-id=\"212ee33\" data-element_type=\"section\" data-e-type=\"section\">\n\t\t\t\t\t\t<div class=\"elementor-container elementor-column-gap-default\">\n\t\t\t\t\t<div class=\"elementor-column elementor-col-100 elementor-top-column elementor-element elementor-element-497d8c5\" data-id=\"497d8c5\" data-element_type=\"column\" data-e-type=\"column\">\n\t\t\t<div class=\"elementor-widget-wrap elementor-element-populated\">\n\t\t\t\t\t\t<section class=\"elementor-section elementor-inner-section elementor-element elementor-element-fbd698f elementor-section-boxed elementor-section-height-default elementor-section-height-default\" data-id=\"fbd698f\" data-element_type=\"section\" data-e-type=\"section\">\n\t\t\t\t\t\t<div class=\"elementor-container elementor-column-gap-default\">\n\t\t\t\t\t<div class=\"elementor-column elementor-col-50 elementor-inner-column elementor-element elementor-element-72c9a88\" data-id=\"72c9a88\" data-element_type=\"column\" data-e-type=\"column\">\n\t\t\t<div class=\"elementor-widget-wrap elementor-element-populated\">\n\t\t\t\t\t\t<div class=\"elementor-element elementor-element-a9254fb elementor-widget elementor-widget-image\" data-id=\"a9254fb\" data-element_type=\"widget\" data-e-type=\"widget\" data-widget_type=\"image.default\">\n\t\t\t\t<div class=\"elementor-widget-container\">\n\t\t\t\t\t\t\t\t\t\t\t\t\t\t\t<img fetchpriority=\"high\" decoding=\"async\" width=\"768\" height=\"576\" src=\"https:\/\/merzougabirding.com\/wp-content\/uploads\/2023\/01\/61537750_886667845011990_4276199233809285120_n-PhotoRoom-768x576.jpg\" class=\"attachment-medium_large size-medium_large wp-image-554\" alt=\"Merzouga Guide tours\" srcset=\"https:\/\/merzougabirding.com\/wp-content\/uploads\/2023\/01\/61537750_886667845011990_4276199233809285120_n-PhotoRoom-768x576.jpg 768w, https:\/\/merzougabirding.com\/wp-content\/uploads\/2023\/01\/61537750_886667845011990_4276199233809285120_n-PhotoRoom-300x225.jpg 300w, https:\/\/merzougabirding.com\/wp-content\/uploads\/2023\/01\/61537750_886667845011990_4276199233809285120_n-PhotoRoom-600x450.jpg 600w, https:\/\/merzougabirding.com\/wp-content\/uploads\/2023\/01\/61537750_886667845011990_4276199233809285120_n-PhotoRoom-1024x768.jpg 1024w, https:\/\/merzougabirding.com\/wp-content\/uploads\/2023\/01\/61537750_886667845011990_4276199233809285120_n-PhotoRoom.jpg 1280w\" sizes=\"(max-width: 768px) 100vw, 768px\" \/>\t\t\t\t\t\t\t\t\t\t\t\t\t\t\t<\/div>\n\t\t\t\t<\/div>\n\t\t\t\t\t<\/div>\n\t\t<\/div>\n\t\t\t\t<div class=\"elementor-column elementor-col-50 elementor-inner-column elementor-element elementor-element-2680aed\" data-id=\"2680aed\" data-element_type=\"column\" data-e-type=\"column\">\n\t\t\t<div class=\"elementor-widget-wrap elementor-element-populated\">\n\t\t\t\t\t\t<div class=\"elementor-element elementor-element-cdf4f4e elementor-widget elementor-widget-text-editor\" data-id=\"cdf4f4e\" data-element_type=\"widget\" data-e-type=\"widget\" data-widget_type=\"text-editor.default\">\n\t\t\t\t<div class=\"elementor-widget-container\">\n\t\t\t\t\t\t\t\t\t<p>Mi nombre es Mohamed nac\u00ed y vivo en Merzouga que existen sudeste de Marruecos, crec\u00ed con los animales del desierto y las aves que me hace amar a estas peque\u00f1as criaturas, entonces empec\u00e9 a preguntarme c\u00f3mo estas aves viven en este desierto, El agua aqu\u00ed es poco y la comida tambi\u00e9n, y muchas preguntas que encontrar sus respuestas cuando empec\u00e9 mi b\u00fasqueda.<\/p><p>Pas\u00e9 muchos a\u00f1os estudiando los comportamientos y h\u00e1bitats de estas hermosas criaturas que me hizo tener un gran conocimiento sobre ellos, en ese momento pens\u00e9 en volver esta pasi\u00f3n a una carrera.<\/p><p>Ahora soy un gu\u00eda de observaci\u00f3n de aves Alrededor del pueblo de Merzouga, conozco todos los tipos y lugares de aves del desierto y organizo excursiones de observaci\u00f3n de aves para mostrar a la gente las aves incre\u00edbles que tenemos aqu\u00ed que consideran este lugar como su hogar, y estoy muy feliz de compartir mis conocimientos y mi amor a estas aves con los dem\u00e1s.<\/p>\t\t\t\t\t\t\t\t<\/div>\n\t\t\t\t<\/div>\n\t\t\t\t\t<\/div>\n\t\t<\/div>\n\t\t\t\t\t<\/div>\n\t\t<\/section>\n\t\t\t\t\t<\/div>\n\t\t<\/div>\n\t\t\t\t\t<\/div>\n\t\t<\/section>\n\t\t\t\t<section class=\"elementor-section elementor-top-section elementor-element elementor-element-540c181 elementor-section-boxed elementor-section-height-default elementor-section-height-default\" data-id=\"540c181\" data-element_type=\"section\" data-e-type=\"section\">\n\t\t\t\t\t\t<div class=\"elementor-container elementor-column-gap-default\">\n\t\t\t\t\t<div class=\"elementor-column elementor-col-100 elementor-top-column elementor-element elementor-element-ce4ec9c\" data-id=\"ce4ec9c\" data-element_type=\"column\" data-e-type=\"column\">\n\t\t\t<div class=\"elementor-widget-wrap elementor-element-populated\">\n\t\t\t\t\t\t<div class=\"elementor-element elementor-element-898c7a2 elementor-widget elementor-widget-spacer\" data-id=\"898c7a2\" data-element_type=\"widget\" data-e-type=\"widget\" data-widget_type=\"spacer.default\">\n\t\t\t\t<div class=\"elementor-widget-container\">\n\t\t\t\t\t\t\t<div class=\"elementor-spacer\">\n\t\t\t<div class=\"elementor-spacer-inner\"><\/div>\n\t\t<\/div>\n\t\t\t\t\t\t<\/div>\n\t\t\t\t<\/div>\n\t\t\t\t\t<\/div>\n\t\t<\/div>\n\t\t\t\t\t<\/div>\n\t\t<\/section>\n\t\t\t\t<\/div>\n\t\t","protected":false},"excerpt":{"rendered":"<p>Qui\u00e9n soy? Mi nombre es Mohamed nac\u00ed y vivo en Merzouga que existen sudeste de Marruecos, crec\u00ed con los animales del desierto y las aves que me hace amar a estas peque\u00f1as criaturas, entonces empec\u00e9 a preguntarme c\u00f3mo estas aves viven en este desierto, El agua aqu\u00ed es poco y la comida tambi\u00e9n, y muchas [&hellip;]<\/p>\n","protected":false},"author":1,"featured_media":0,"parent":0,"menu_order":0,"comment_status":"closed","ping_status":"closed","template":"elementor_header_footer","meta":{"footnotes":""},"class_list":["post-2903","page","type-page","status-publish","hentry","entry"],"_links":{"self":[{"href":"https:\/\/merzougabirding.com\/es\/wp-json\/wp\/v2\/pages\/2903","targetHints":{"allow":["GET"]}}],"collection":[{"href":"https:\/\/merzougabirding.com\/es\/wp-json\/wp\/v2\/pages"}],"about":[{"href":"https:\/\/merzougabirding.com\/es\/wp-json\/wp\/v2\/types\/page"}],"author":[{"embeddable":true,"href":"https:\/\/merzougabirding.com\/es\/wp-json\/wp\/v2\/users\/1"}],"replies":[{"embeddable":true,"href":"https:\/\/merzougabirding.com\/es\/wp-json\/wp\/v2\/comments?post=2903"}],"version-history":[{"count":0,"href":"https:\/\/merzougabirding.com\/es\/wp-json\/wp\/v2\/pages\/2903\/revisions"}],"wp:attachment":[{"href":"https:\/\/merzougabirding.com\/es\/wp-json\/wp\/v2\/media?parent=2903"}],"curies":[{"name":"wp","href":"https:\/\/api.w.org\/{rel}","templated":true}]}}