{"id":3451,"date":"2023-01-20T10:30:49","date_gmt":"2023-01-20T10:30:49","guid":{"rendered":"https:\/\/merzougabirding.com\/?page_id=3451"},"modified":"2024-04-21T11:29:28","modified_gmt":"2024-04-21T11:29:28","slug":"ueber-uns","status":"publish","type":"page","link":"https:\/\/merzougabirding.com\/de\/ueber-uns\/","title":{"rendered":"\u00dcber uns"},"content":{"rendered":"\t\t<div data-elementor-type=\"wp-page\" data-elementor-id=\"3451\" class=\"elementor elementor-3451 elementor-25\" data-elementor-post-type=\"page\">\n\t\t\t\t\t\t<section class=\"elementor-section elementor-top-section elementor-element elementor-element-5be4497 elementor-section-boxed elementor-section-height-default elementor-section-height-default\" data-id=\"5be4497\" data-element_type=\"section\" data-e-type=\"section\">\n\t\t\t\t\t\t<div class=\"elementor-container elementor-column-gap-default\">\n\t\t\t\t\t<div class=\"elementor-column elementor-col-100 elementor-top-column elementor-element elementor-element-5ba3be7\" data-id=\"5ba3be7\" data-element_type=\"column\" data-e-type=\"column\">\n\t\t\t<div class=\"elementor-widget-wrap elementor-element-populated\">\n\t\t\t\t\t\t<section class=\"elementor-section elementor-inner-section elementor-element elementor-element-835bb17 elementor-section-boxed elementor-section-height-default elementor-section-height-default\" data-id=\"835bb17\" data-element_type=\"section\" data-e-type=\"section\">\n\t\t\t\t\t\t<div class=\"elementor-container elementor-column-gap-default\">\n\t\t\t\t\t<div class=\"elementor-column elementor-col-100 elementor-inner-column elementor-element elementor-element-eb925bf\" data-id=\"eb925bf\" data-element_type=\"column\" data-e-type=\"column\">\n\t\t\t<div class=\"elementor-widget-wrap elementor-element-populated\">\n\t\t\t\t\t\t<div class=\"elementor-element elementor-element-e039731 elementor-widget elementor-widget-heading\" data-id=\"e039731\" data-element_type=\"widget\" data-e-type=\"widget\" data-widget_type=\"heading.default\">\n\t\t\t\t<div class=\"elementor-widget-container\">\n\t\t\t\t\t<h1 class=\"elementor-heading-title elementor-size-default\">Wer bin ich?<\/h1>\t\t\t\t<\/div>\n\t\t\t\t<\/div>\n\t\t\t\t\t<\/div>\n\t\t<\/div>\n\t\t\t\t\t<\/div>\n\t\t<\/section>\n\t\t\t\t\t<\/div>\n\t\t<\/div>\n\t\t\t\t\t<\/div>\n\t\t<\/section>\n\t\t\t\t<section class=\"elementor-section elementor-top-section elementor-element elementor-element-212ee33 elementor-section-boxed elementor-section-height-default elementor-section-height-default\" data-id=\"212ee33\" data-element_type=\"section\" data-e-type=\"section\">\n\t\t\t\t\t\t<div class=\"elementor-container elementor-column-gap-default\">\n\t\t\t\t\t<div class=\"elementor-column elementor-col-100 elementor-top-column elementor-element elementor-element-497d8c5\" data-id=\"497d8c5\" data-element_type=\"column\" data-e-type=\"column\">\n\t\t\t<div class=\"elementor-widget-wrap elementor-element-populated\">\n\t\t\t\t\t\t<section class=\"elementor-section elementor-inner-section elementor-element elementor-element-fbd698f elementor-section-boxed elementor-section-height-default elementor-section-height-default\" data-id=\"fbd698f\" data-element_type=\"section\" data-e-type=\"section\">\n\t\t\t\t\t\t<div class=\"elementor-container elementor-column-gap-default\">\n\t\t\t\t\t<div class=\"elementor-column elementor-col-50 elementor-inner-column elementor-element elementor-element-72c9a88\" data-id=\"72c9a88\" data-element_type=\"column\" data-e-type=\"column\">\n\t\t\t<div class=\"elementor-widget-wrap elementor-element-populated\">\n\t\t\t\t\t\t<div class=\"elementor-element elementor-element-a9254fb elementor-widget elementor-widget-image\" data-id=\"a9254fb\" data-element_type=\"widget\" data-e-type=\"widget\" data-widget_type=\"image.default\">\n\t\t\t\t<div class=\"elementor-widget-container\">\n\t\t\t\t\t\t\t\t\t\t\t\t\t\t\t<img fetchpriority=\"high\" decoding=\"async\" width=\"730\" height=\"450\" src=\"https:\/\/merzougabirding.com\/wp-content\/uploads\/2024\/04\/Merzouga-Birding-trips.png\" class=\"attachment-medium_large size-medium_large wp-image-4794\" alt=\"Merzouga Birding excursion\" srcset=\"https:\/\/merzougabirding.com\/wp-content\/uploads\/2024\/04\/Merzouga-Birding-trips.png 730w, https:\/\/merzougabirding.com\/wp-content\/uploads\/2024\/04\/Merzouga-Birding-trips-300x185.png 300w\" sizes=\"(max-width: 730px) 100vw, 730px\" \/>\t\t\t\t\t\t\t\t\t\t\t\t\t\t\t<\/div>\n\t\t\t\t<\/div>\n\t\t\t\t\t<\/div>\n\t\t<\/div>\n\t\t\t\t<div class=\"elementor-column elementor-col-50 elementor-inner-column elementor-element elementor-element-2680aed\" data-id=\"2680aed\" data-element_type=\"column\" data-e-type=\"column\">\n\t\t\t<div class=\"elementor-widget-wrap elementor-element-populated\">\n\t\t\t\t\t\t<div class=\"elementor-element elementor-element-cdf4f4e elementor-widget elementor-widget-text-editor\" data-id=\"cdf4f4e\" data-element_type=\"widget\" data-e-type=\"widget\" data-widget_type=\"text-editor.default\">\n\t\t\t\t<div class=\"elementor-widget-container\">\n\t\t\t\t\t\t\t\t\t<p>Mein Name ist Mohamed ich geboren und ich lebe in Merzouga, dass S\u00fcdosten Marokko existieren, wuchs ich mit W\u00fcstentieren und V\u00f6geln, die mich lieben diese kleinen Kreaturen macht, dann begann ich mich zu fragen, wie diese V\u00f6gel leben in dieser W\u00fcste, Das Wasser hier ist wenig und Nahrung auch, und viele Fragen, die ich ihre Antworten finden, wenn ich meine Suche begann.<\/p><p>Ich verbrachte viel Zeit damit, das Verhalten und die Lebensr\u00e4ume dieser wundersch\u00f6nen Kreaturen zu studieren, was mir ein enormes Wissen \u00fcber sie verschaffte.<\/p><p>Jetzt bin ich ein Vogelf\u00fchrer rund um das Dorf Merzouga, ich kenne alle Arten und Orte der W\u00fcstenv\u00f6gel, da ich Vogelbeobachtungsexkursionen organisiere, um den Menschen die erstaunlichen V\u00f6gel zu zeigen, die wir hier in Merzouga haben und die diesen Ort als ihr Zuhause betrachten.<\/p><p>Ich bin sehr gl\u00fccklich, mein Wissen und meine Liebe zu diesen V\u00f6geln mit anderen zu teilen.<\/p>\t\t\t\t\t\t\t\t<\/div>\n\t\t\t\t<\/div>\n\t\t\t\t\t<\/div>\n\t\t<\/div>\n\t\t\t\t\t<\/div>\n\t\t<\/section>\n\t\t\t\t\t<\/div>\n\t\t<\/div>\n\t\t\t\t\t<\/div>\n\t\t<\/section>\n\t\t\t\t<section class=\"elementor-section elementor-top-section elementor-element elementor-element-540c181 elementor-section-boxed elementor-section-height-default elementor-section-height-default\" data-id=\"540c181\" data-element_type=\"section\" data-e-type=\"section\">\n\t\t\t\t\t\t<div class=\"elementor-container elementor-column-gap-default\">\n\t\t\t\t\t<div class=\"elementor-column elementor-col-100 elementor-top-column elementor-element elementor-element-ce4ec9c\" data-id=\"ce4ec9c\" data-element_type=\"column\" data-e-type=\"column\">\n\t\t\t<div class=\"elementor-widget-wrap elementor-element-populated\">\n\t\t\t\t\t\t<div class=\"elementor-element elementor-element-898c7a2 elementor-widget elementor-widget-spacer\" data-id=\"898c7a2\" data-element_type=\"widget\" data-e-type=\"widget\" data-widget_type=\"spacer.default\">\n\t\t\t\t<div class=\"elementor-widget-container\">\n\t\t\t\t\t\t\t<div class=\"elementor-spacer\">\n\t\t\t<div class=\"elementor-spacer-inner\"><\/div>\n\t\t<\/div>\n\t\t\t\t\t\t<\/div>\n\t\t\t\t<\/div>\n\t\t\t\t\t<\/div>\n\t\t<\/div>\n\t\t\t\t\t<\/div>\n\t\t<\/section>\n\t\t\t\t<\/div>\n\t\t","protected":false},"excerpt":{"rendered":"<p>Wer bin ich? Mein Name ist Mohamed ich geboren und ich lebe in Merzouga, dass S\u00fcdosten Marokko existieren, wuchs ich mit W\u00fcstentieren und V\u00f6geln, die mich lieben diese kleinen Kreaturen macht, dann begann ich mich zu fragen, wie diese V\u00f6gel leben in dieser W\u00fcste, Das Wasser hier ist wenig und Nahrung auch, und viele Fragen, [&hellip;]<\/p>\n","protected":false},"author":1,"featured_media":0,"parent":0,"menu_order":0,"comment_status":"closed","ping_status":"closed","template":"elementor_header_footer","meta":{"footnotes":""},"class_list":["post-3451","page","type-page","status-publish","hentry","entry"],"_links":{"self":[{"href":"https:\/\/merzougabirding.com\/de\/wp-json\/wp\/v2\/pages\/3451","targetHints":{"allow":["GET"]}}],"collection":[{"href":"https:\/\/merzougabirding.com\/de\/wp-json\/wp\/v2\/pages"}],"about":[{"href":"https:\/\/merzougabirding.com\/de\/wp-json\/wp\/v2\/types\/page"}],"author":[{"embeddable":true,"href":"https:\/\/merzougabirding.com\/de\/wp-json\/wp\/v2\/users\/1"}],"replies":[{"embeddable":true,"href":"https:\/\/merzougabirding.com\/de\/wp-json\/wp\/v2\/comments?post=3451"}],"version-history":[{"count":4,"href":"https:\/\/merzougabirding.com\/de\/wp-json\/wp\/v2\/pages\/3451\/revisions"}],"predecessor-version":[{"id":3455,"href":"https:\/\/merzougabirding.com\/de\/wp-json\/wp\/v2\/pages\/3451\/revisions\/3455"}],"wp:attachment":[{"href":"https:\/\/merzougabirding.com\/de\/wp-json\/wp\/v2\/media?parent=3451"}],"curies":[{"name":"wp","href":"https:\/\/api.w.org\/{rel}","templated":true}]}}