{"id":3446,"date":"2023-01-20T15:10:56","date_gmt":"2023-01-20T15:10:56","guid":{"rendered":"https:\/\/merzougabirding.com\/?page_id=3446"},"modified":"2024-04-21T11:27:43","modified_gmt":"2024-04-21T11:27:43","slug":"blog-4","status":"publish","type":"page","link":"https:\/\/merzougabirding.com\/de\/blog-4\/","title":{"rendered":"Blog"},"content":{"rendered":"\t\t<div data-elementor-type=\"wp-page\" data-elementor-id=\"3446\" class=\"elementor elementor-3446 elementor-32\" data-elementor-post-type=\"page\">\n\t\t\t\t\t\t<section class=\"elementor-section elementor-top-section elementor-element elementor-element-b157448 elementor-section-boxed elementor-section-height-default elementor-section-height-default\" data-id=\"b157448\" data-element_type=\"section\" data-e-type=\"section\" data-settings=\"{&quot;background_background&quot;:&quot;classic&quot;}\">\n\t\t\t\t\t\t<div class=\"elementor-container elementor-column-gap-default\">\n\t\t\t\t\t<div class=\"elementor-column elementor-col-100 elementor-top-column elementor-element elementor-element-65db2296\" data-id=\"65db2296\" data-element_type=\"column\" data-e-type=\"column\" data-settings=\"{&quot;background_background&quot;:&quot;classic&quot;}\">\n\t\t\t<div class=\"elementor-widget-wrap elementor-element-populated\">\n\t\t\t\t\t\t<section class=\"elementor-section elementor-inner-section elementor-element elementor-element-158e09a8 elementor-section-height-min-height elementor-section-boxed elementor-section-height-default\" data-id=\"158e09a8\" data-element_type=\"section\" data-e-type=\"section\">\n\t\t\t\t\t\t<div class=\"elementor-container elementor-column-gap-default\">\n\t\t\t\t\t<div class=\"elementor-column elementor-col-100 elementor-inner-column elementor-element elementor-element-5408cedf\" data-id=\"5408cedf\" data-element_type=\"column\" data-e-type=\"column\">\n\t\t\t<div class=\"elementor-widget-wrap elementor-element-populated\">\n\t\t\t\t\t\t<div class=\"elementor-element elementor-element-70428f21 elementor-widget elementor-widget-heading\" data-id=\"70428f21\" data-element_type=\"widget\" data-e-type=\"widget\" data-widget_type=\"heading.default\">\n\t\t\t\t<div class=\"elementor-widget-container\">\n\t\t\t\t\t<h2 class=\"elementor-heading-title elementor-size-default\">Merzouga Vogelbeobachtung Blog<\/h2>\t\t\t\t<\/div>\n\t\t\t\t<\/div>\n\t\t\t\t\t<\/div>\n\t\t<\/div>\n\t\t\t\t\t<\/div>\n\t\t<\/section>\n\t\t\t\t<div class=\"elementor-element elementor-element-996cad7 elementor-widget elementor-widget-text-editor\" data-id=\"996cad7\" data-element_type=\"widget\" data-e-type=\"widget\" data-widget_type=\"text-editor.default\">\n\t\t\t\t<div class=\"elementor-widget-container\">\n\t\t\t\t\t\t\t\t\t<p>Wenn Sie ein Vogelbeobachter und -liebhaber sind, werden Sie diesen Blog als ein Informationsparadies empfinden, da Sie hier alles finden, was Sie \u00fcber jeden Vogel wissen m\u00fcssen. Wir tun unser Bestes, um Sie mit dem Maximum an Informationen \u00fcber jeden Vogel von Einheimischen zu versorgen.<\/p>\t\t\t\t\t\t\t\t<\/div>\n\t\t\t\t<\/div>\n\t\t\t\t<div class=\"elementor-element elementor-element-3226e256 elementor-grid-3 elementor-grid-tablet-2 elementor-grid-mobile-1 elementor-posts--thumbnail-top elementor-card-shadow-yes elementor-posts__hover-gradient elementor-widget elementor-widget-posts\" data-id=\"3226e256\" data-element_type=\"widget\" data-e-type=\"widget\" data-settings=\"{&quot;pagination_type&quot;:&quot;numbers_and_prev_next&quot;,&quot;cards_columns&quot;:&quot;3&quot;,&quot;cards_columns_tablet&quot;:&quot;2&quot;,&quot;cards_columns_mobile&quot;:&quot;1&quot;,&quot;cards_row_gap&quot;:{&quot;unit&quot;:&quot;px&quot;,&quot;size&quot;:35,&quot;sizes&quot;:[]},&quot;cards_row_gap_tablet&quot;:{&quot;unit&quot;:&quot;px&quot;,&quot;size&quot;:&quot;&quot;,&quot;sizes&quot;:[]},&quot;cards_row_gap_mobile&quot;:{&quot;unit&quot;:&quot;px&quot;,&quot;size&quot;:&quot;&quot;,&quot;sizes&quot;:[]}}\" data-widget_type=\"posts.cards\">\n\t\t\t\t<div class=\"elementor-widget-container\">\n\t\t\t\t\t\t\t<div class=\"elementor-posts-container elementor-posts elementor-posts--skin-cards elementor-grid\" role=\"list\">\n\t\t\t\t<article class=\"elementor-post elementor-grid-item post-4604 post type-post status-publish format-standard has-post-thumbnail hentry category-vogel-weltweit-2 entry has-media\" role=\"listitem\">\n\t\t\t<div class=\"elementor-post__card\">\n\t\t\t\t<a class=\"elementor-post__thumbnail__link\" href=\"https:\/\/merzougabirding.com\/de\/ente-vs-gans\/\" tabindex=\"-1\"><div class=\"elementor-post__thumbnail\"><img fetchpriority=\"high\" decoding=\"async\" width=\"1024\" height=\"576\" src=\"https:\/\/merzougabirding.com\/wp-content\/uploads\/2026\/02\/Duck-vs-Goose-1024x576.png\" class=\"attachment-large size-large wp-image-4603\" alt=\"Ente vs Gans\" srcset=\"https:\/\/merzougabirding.com\/wp-content\/uploads\/2026\/02\/Duck-vs-Goose-1024x576.png 1024w, https:\/\/merzougabirding.com\/wp-content\/uploads\/2026\/02\/Duck-vs-Goose-300x169.png 300w, https:\/\/merzougabirding.com\/wp-content\/uploads\/2026\/02\/Duck-vs-Goose-768x432.png 768w, https:\/\/merzougabirding.com\/wp-content\/uploads\/2026\/02\/Duck-vs-Goose.png 1280w\" sizes=\"(max-width: 1024px) 100vw, 1024px\" \/><\/div><\/a>\n\t\t\t\t<div class=\"elementor-post__text\">\n\t\t\t\t<h3 class=\"elementor-post__title\">\n\t\t\t<a href=\"https:\/\/merzougabirding.com\/de\/ente-vs-gans\/\">\n\t\t\t\tEnte vs Gans: Die wichtigsten Unterschiede, die Sie kennen sollten\t\t\t<\/a>\n\t\t<\/h3>\n\t\t\t\t<div class=\"elementor-post__excerpt\">\n\t\t\t<p>Enten und G\u00e4nse sind beide Wasserv\u00f6gel, die zur Familie der Anatidae geh\u00f6ren. Sie bewohnen h\u00e4ufig dieselben Lebensr\u00e4ume, wie Seen, Fl\u00fcsse und Teiche. Trotz ihrer \u00c4hnlichkeiten sind sie unterschiedliche Tiere mit einzigartigen Verhaltensweisen, k\u00f6rperlichen Merkmalen und Lebenszyklen. Dieser Artikel bietet einen detaillierten Vergleich der wichtigsten Unterschiede zwischen den beiden Arten, um<\/p>\n\t\t<\/div>\n\t\t\n\t\t<a class=\"elementor-post__read-more\" href=\"https:\/\/merzougabirding.com\/de\/ente-vs-gans\/\" aria-label=\"Read more about Ente vs Gans: Die wichtigsten Unterschiede, die Sie kennen sollten\" tabindex=\"-1\">\n\t\t\tRead More \u00bb\t\t<\/a>\n\n\t\t\t\t<\/div>\n\t\t\t\t\t<\/div>\n\t\t<\/article>\n\t\t\t\t<article class=\"elementor-post elementor-grid-item post-4816 post type-post status-publish format-standard has-post-thumbnail hentry category-vogel-weltweit-2 entry has-media\" role=\"listitem\">\n\t\t\t<div class=\"elementor-post__card\">\n\t\t\t\t<a class=\"elementor-post__thumbnail__link\" href=\"https:\/\/merzougabirding.com\/de\/adler-vs-falke-schockierende-unterschiede-die-du-nie-kanntest\/\" tabindex=\"-1\"><div class=\"elementor-post__thumbnail\"><img decoding=\"async\" width=\"1024\" height=\"576\" src=\"https:\/\/merzougabirding.com\/wp-content\/uploads\/2026\/02\/Eagle-vs-Falcon-1024x576.png\" class=\"attachment-large size-large wp-image-4815\" alt=\"Adler vs. Falke\" srcset=\"https:\/\/merzougabirding.com\/wp-content\/uploads\/2026\/02\/Eagle-vs-Falcon-1024x576.png 1024w, https:\/\/merzougabirding.com\/wp-content\/uploads\/2026\/02\/Eagle-vs-Falcon-300x169.png 300w, https:\/\/merzougabirding.com\/wp-content\/uploads\/2026\/02\/Eagle-vs-Falcon-768x432.png 768w, https:\/\/merzougabirding.com\/wp-content\/uploads\/2026\/02\/Eagle-vs-Falcon.png 1280w\" sizes=\"(max-width: 1024px) 100vw, 1024px\" \/><\/div><\/a>\n\t\t\t\t<div class=\"elementor-post__text\">\n\t\t\t\t<h3 class=\"elementor-post__title\">\n\t\t\t<a href=\"https:\/\/merzougabirding.com\/de\/adler-vs-falke-schockierende-unterschiede-die-du-nie-kanntest\/\">\n\t\t\t\tAdler vs. Falke: Schockierende Unterschiede, die du nie kanntest\t\t\t<\/a>\n\t\t<\/h3>\n\t\t\t\t<div class=\"elementor-post__excerpt\">\n\t\t\t<p>Sowohl Adler als auch Falken sind beeindruckende J\u00e4ger am Himmel. Wenn wir drau\u00dfen unterwegs sind, f\u00e4llt es vielen Vogelbeobachtern schwer, sie voneinander zu unterscheiden, da sie aus der Ferne \u00e4hnlich aussehen. Tats\u00e4chlich handelt es sich jedoch um sehr unterschiedliche Tiere. Dieser Artikel beleuchtet ihre Gr\u00f6\u00dfe, ihre Fl\u00fcgel und ihre Jagdmethoden,<\/p>\n\t\t<\/div>\n\t\t\n\t\t<a class=\"elementor-post__read-more\" href=\"https:\/\/merzougabirding.com\/de\/adler-vs-falke-schockierende-unterschiede-die-du-nie-kanntest\/\" aria-label=\"Read more about Adler vs. Falke: Schockierende Unterschiede, die du nie kanntest\" tabindex=\"-1\">\n\t\t\tRead More \u00bb\t\t<\/a>\n\n\t\t\t\t<\/div>\n\t\t\t\t\t<\/div>\n\t\t<\/article>\n\t\t\t\t<article class=\"elementor-post elementor-grid-item post-4636 post type-post status-publish format-standard has-post-thumbnail hentry category-vogel-weltweit-2 entry has-media\" role=\"listitem\">\n\t\t\t<div class=\"elementor-post__card\">\n\t\t\t\t<a class=\"elementor-post__thumbnail__link\" href=\"https:\/\/merzougabirding.com\/de\/voegel-von-merzouga-marokko\/\" tabindex=\"-1\"><div class=\"elementor-post__thumbnail\"><img decoding=\"async\" width=\"746\" height=\"436\" src=\"https:\/\/merzougabirding.com\/wp-content\/uploads\/2025\/10\/Egyptian-Nightjar.png\" class=\"attachment-large size-large wp-image-4619\" alt=\"\u00c4gyptische Nachtschwalbe\" srcset=\"https:\/\/merzougabirding.com\/wp-content\/uploads\/2025\/10\/Egyptian-Nightjar.png 746w, https:\/\/merzougabirding.com\/wp-content\/uploads\/2025\/10\/Egyptian-Nightjar-300x175.png 300w\" sizes=\"(max-width: 746px) 100vw, 746px\" \/><\/div><\/a>\n\t\t\t\t<div class=\"elementor-post__text\">\n\t\t\t\t<h3 class=\"elementor-post__title\">\n\t\t\t<a href=\"https:\/\/merzougabirding.com\/de\/voegel-von-merzouga-marokko\/\">\n\t\t\t\tV\u00f6gel von Merzouga \u2013 Marokko: Ein einfacher Leitfaden f\u00fcr Besucher\t\t\t<\/a>\n\t\t<\/h3>\n\t\t\t\t<div class=\"elementor-post__excerpt\">\n\t\t\t<p>Merzouga ist ein ber\u00fchmter Ort in Marokko, vor allem wegen der gro\u00dfen Sandd\u00fcnen namens Erg Chebbi. Er ist wie ein Tor zur W\u00fcste. Viele Menschen kommen hierher, nur um den Sand zu sehen und auf Kamelen zu reiten. Es ist sehr sch\u00f6n und ruhig dort. Aber Merzouga ist auch ein<\/p>\n\t\t<\/div>\n\t\t\n\t\t<a class=\"elementor-post__read-more\" href=\"https:\/\/merzougabirding.com\/de\/voegel-von-merzouga-marokko\/\" aria-label=\"Read more about V\u00f6gel von Merzouga \u2013 Marokko: Ein einfacher Leitfaden f\u00fcr Besucher\" tabindex=\"-1\">\n\t\t\tRead More \u00bb\t\t<\/a>\n\n\t\t\t\t<\/div>\n\t\t\t\t\t<\/div>\n\t\t<\/article>\n\t\t\t\t<article class=\"elementor-post elementor-grid-item post-3866 post type-post status-publish format-standard has-post-thumbnail hentry category-vogel-weltweit-2 entry has-media\" role=\"listitem\">\n\t\t\t<div class=\"elementor-post__card\">\n\t\t\t\t<a class=\"elementor-post__thumbnail__link\" href=\"https:\/\/merzougabirding.com\/de\/unterschiede-zwischen-rabe-und-krahe\/\" tabindex=\"-1\"><div class=\"elementor-post__thumbnail\"><img loading=\"lazy\" decoding=\"async\" width=\"720\" height=\"480\" src=\"https:\/\/merzougabirding.com\/wp-content\/uploads\/2024\/08\/Raven-Vs-Crow.png\" class=\"attachment-large size-large wp-image-3860\" alt=\"Raven Vs Crow\" srcset=\"https:\/\/merzougabirding.com\/wp-content\/uploads\/2024\/08\/Raven-Vs-Crow.png 720w, https:\/\/merzougabirding.com\/wp-content\/uploads\/2024\/08\/Raven-Vs-Crow-300x200.png 300w\" sizes=\"(max-width: 720px) 100vw, 720px\" \/><\/div><\/a>\n\t\t\t\t<div class=\"elementor-post__text\">\n\t\t\t\t<h3 class=\"elementor-post__title\">\n\t\t\t<a href=\"https:\/\/merzougabirding.com\/de\/unterschiede-zwischen-rabe-und-krahe\/\">\n\t\t\t\tUnterschiede zwischen Rabe und Kr\u00e4he\t\t\t<\/a>\n\t\t<\/h3>\n\t\t\t\t<div class=\"elementor-post__excerpt\">\n\t\t\t<p>In der geheimnisvollen Welt der Rabenv\u00f6gel gelten Raben und Kr\u00e4hen als einige der intelligentesten und anpassungsf\u00e4higsten V\u00f6gel. Obwohl ihr auff\u00e4lliges schwarzes Gefieder und ihr kluges Verhalten oft zu Verwechslungen zwischen den beiden Arten f\u00fchren, unterscheiden sich Raben und Kr\u00e4hen in vielerlei Hinsicht. In diesem Artikel werden wir die wichtigsten Unterschiede<\/p>\n\t\t<\/div>\n\t\t\n\t\t<a class=\"elementor-post__read-more\" href=\"https:\/\/merzougabirding.com\/de\/unterschiede-zwischen-rabe-und-krahe\/\" aria-label=\"Read more about Unterschiede zwischen Rabe und Kr\u00e4he\" tabindex=\"-1\">\n\t\t\tRead More \u00bb\t\t<\/a>\n\n\t\t\t\t<\/div>\n\t\t\t\t\t<\/div>\n\t\t<\/article>\n\t\t\t\t<article class=\"elementor-post elementor-grid-item post-3815 post type-post status-publish format-standard has-post-thumbnail hentry category-worldwide-birds category-vogel-weltweit-2 entry has-media\" role=\"listitem\">\n\t\t\t<div class=\"elementor-post__card\">\n\t\t\t\t<a class=\"elementor-post__thumbnail__link\" href=\"https:\/\/merzougabirding.com\/de\/wie-man-vogel-aus-dem-garten-fernhalt\/\" tabindex=\"-1\"><div class=\"elementor-post__thumbnail\"><img loading=\"lazy\" decoding=\"async\" width=\"740\" height=\"416\" src=\"https:\/\/merzougabirding.com\/wp-content\/uploads\/2024\/08\/How-To-Keep-Birds-Out-of-a-Garden.png\" class=\"attachment-large size-large wp-image-3803\" alt=\"How To Keep Birds Out of a Garden\" srcset=\"https:\/\/merzougabirding.com\/wp-content\/uploads\/2024\/08\/How-To-Keep-Birds-Out-of-a-Garden.png 740w, https:\/\/merzougabirding.com\/wp-content\/uploads\/2024\/08\/How-To-Keep-Birds-Out-of-a-Garden-300x169.png 300w\" sizes=\"(max-width: 740px) 100vw, 740px\" \/><\/div><\/a>\n\t\t\t\t<div class=\"elementor-post__text\">\n\t\t\t\t<h3 class=\"elementor-post__title\">\n\t\t\t<a href=\"https:\/\/merzougabirding.com\/de\/wie-man-vogel-aus-dem-garten-fernhalt\/\">\n\t\t\t\tWie man V\u00f6gel aus dem Garten fernh\u00e4lt: Ein umfassender Leitfaden\t\t\t<\/a>\n\t\t<\/h3>\n\t\t\t\t<div class=\"elementor-post__excerpt\">\n\t\t\t<p>Gartenarbeit ist ein heiteres und lohnendes Hobby, aber V\u00f6gel k\u00f6nnen manchmal ungebetene G\u00e4ste sein, die Ihre wertvollen Pflanzen und Fr\u00fcchte anknabbern. Obwohl wir unsere gefiederten Freunde lieben, ist es wichtig, ein Gleichgewicht zu finden, um unsere G\u00e4rten zu sch\u00fctzen. Deshalb m\u00f6chte ich Ihnen einen Leitfaden an die Hand geben, wie<\/p>\n\t\t<\/div>\n\t\t\n\t\t<a class=\"elementor-post__read-more\" href=\"https:\/\/merzougabirding.com\/de\/wie-man-vogel-aus-dem-garten-fernhalt\/\" aria-label=\"Read more about Wie man V\u00f6gel aus dem Garten fernh\u00e4lt: Ein umfassender Leitfaden\" tabindex=\"-1\">\n\t\t\tRead More \u00bb\t\t<\/a>\n\n\t\t\t\t<\/div>\n\t\t\t\t\t<\/div>\n\t\t<\/article>\n\t\t\t\t<article class=\"elementor-post elementor-grid-item post-3585 post type-post status-publish format-standard has-post-thumbnail hentry category-worldwide-birds category-vogel-weltweit-2 entry has-media\" role=\"listitem\">\n\t\t\t<div class=\"elementor-post__card\">\n\t\t\t\t<a class=\"elementor-post__thumbnail__link\" href=\"https:\/\/merzougabirding.com\/de\/weiskopfseeadler-vs-steinadler-vergleich\/\" tabindex=\"-1\"><div class=\"elementor-post__thumbnail\"><img loading=\"lazy\" decoding=\"async\" width=\"800\" height=\"450\" src=\"https:\/\/merzougabirding.com\/wp-content\/uploads\/2024\/04\/Bald-Eagle-vs-Golden-Eagle.jpg\" class=\"attachment-large size-large wp-image-3556\" alt=\"Bald Eagle vs Golden Eagle\" srcset=\"https:\/\/merzougabirding.com\/wp-content\/uploads\/2024\/04\/Bald-Eagle-vs-Golden-Eagle.jpg 800w, https:\/\/merzougabirding.com\/wp-content\/uploads\/2024\/04\/Bald-Eagle-vs-Golden-Eagle-300x169.jpg 300w, https:\/\/merzougabirding.com\/wp-content\/uploads\/2024\/04\/Bald-Eagle-vs-Golden-Eagle-768x432.jpg 768w\" sizes=\"(max-width: 800px) 100vw, 800px\" \/><\/div><\/a>\n\t\t\t\t<div class=\"elementor-post__text\">\n\t\t\t\t<h3 class=\"elementor-post__title\">\n\t\t\t<a href=\"https:\/\/merzougabirding.com\/de\/weiskopfseeadler-vs-steinadler-vergleich\/\">\n\t\t\t\tWei\u00dfkopfseeadler vs. Steinadler (Vergleich)\t\t\t<\/a>\n\t\t<\/h3>\n\t\t\t\t<div class=\"elementor-post__excerpt\">\n\t\t\t<p>Viele Menschen haben Schwierigkeiten, zwischen einem Wei\u00dfkopfseeadler und einem Steinadler zu unterscheiden, und ich war einer von ihnen, weil sich diese Arten neben bestimmten Verhaltensweisen und Lebensr\u00e4umen auch in ihren k\u00f6rperlichen Merkmalen \u00e4hneln. Als Vogelf\u00fchrer mit jahrelanger Erfahrung in der Vogelbeobachtung werde ich sie vergleichen und die wichtigsten Unterschiede in<\/p>\n\t\t<\/div>\n\t\t\n\t\t<a class=\"elementor-post__read-more\" href=\"https:\/\/merzougabirding.com\/de\/weiskopfseeadler-vs-steinadler-vergleich\/\" aria-label=\"Read more about Wei\u00dfkopfseeadler vs. Steinadler (Vergleich)\" tabindex=\"-1\">\n\t\t\tRead More \u00bb\t\t<\/a>\n\n\t\t\t\t<\/div>\n\t\t\t\t\t<\/div>\n\t\t<\/article>\n\t\t\t\t<article class=\"elementor-post elementor-grid-item post-3590 post type-post status-publish format-standard has-post-thumbnail hentry category-worldwide-birds category-vogel-weltweit-2 entry has-media\" role=\"listitem\">\n\t\t\t<div class=\"elementor-post__card\">\n\t\t\t\t<a class=\"elementor-post__thumbnail__link\" href=\"https:\/\/merzougabirding.com\/de\/tipps-zur-vogelbeobachtung\/\" tabindex=\"-1\"><div class=\"elementor-post__thumbnail\"><img loading=\"lazy\" decoding=\"async\" width=\"1000\" height=\"667\" src=\"https:\/\/merzougabirding.com\/wp-content\/uploads\/2024\/03\/Bird-Watching-Tips.jpg\" class=\"attachment-large size-large wp-image-2813\" alt=\"Bird-Watching Tips\" srcset=\"https:\/\/merzougabirding.com\/wp-content\/uploads\/2024\/03\/Bird-Watching-Tips.jpg 1000w, https:\/\/merzougabirding.com\/wp-content\/uploads\/2024\/03\/Bird-Watching-Tips-300x200.jpg 300w, https:\/\/merzougabirding.com\/wp-content\/uploads\/2024\/03\/Bird-Watching-Tips-768x512.jpg 768w\" sizes=\"(max-width: 1000px) 100vw, 1000px\" \/><\/div><\/a>\n\t\t\t\t<div class=\"elementor-post__text\">\n\t\t\t\t<h3 class=\"elementor-post__title\">\n\t\t\t<a href=\"https:\/\/merzougabirding.com\/de\/tipps-zur-vogelbeobachtung\/\">\n\t\t\t\tTipps zur Vogelbeobachtung | Ein Leitfaden f\u00fcr Anf\u00e4nger\t\t\t<\/a>\n\t\t<\/h3>\n\t\t\t\t<div class=\"elementor-post__excerpt\">\n\t\t\t<p>Vogelbeobachtungstouren sind etwas f\u00fcr Menschen, die V\u00f6gel und die Natur lieben. Sie bieten viele M\u00f6glichkeiten, das Verhalten der V\u00f6gel zu beobachten und Wissen \u00fcber sie zu erwerben. Ob Sie ein neuer Vogelbeobachter sind oder Ihre F\u00e4higkeiten verbessern wollen, um ein Profi zu werden, dieser Artikel ist f\u00fcr Sie. Ich werde<\/p>\n\t\t<\/div>\n\t\t\n\t\t<a class=\"elementor-post__read-more\" href=\"https:\/\/merzougabirding.com\/de\/tipps-zur-vogelbeobachtung\/\" aria-label=\"Read more about Tipps zur Vogelbeobachtung | Ein Leitfaden f\u00fcr Anf\u00e4nger\" tabindex=\"-1\">\n\t\t\tRead More \u00bb\t\t<\/a>\n\n\t\t\t\t<\/div>\n\t\t\t\t\t<\/div>\n\t\t<\/article>\n\t\t\t\t<article class=\"elementor-post elementor-grid-item post-3819 post type-post status-publish format-standard has-post-thumbnail hentry category-worldwide-birds category-vogel-weltweit-2 entry has-media\" role=\"listitem\">\n\t\t\t<div class=\"elementor-post__card\">\n\t\t\t\t<a class=\"elementor-post__thumbnail__link\" href=\"https:\/\/merzougabirding.com\/de\/adler-vs-falke\/\" tabindex=\"-1\"><div class=\"elementor-post__thumbnail\"><img loading=\"lazy\" decoding=\"async\" width=\"800\" height=\"450\" src=\"https:\/\/merzougabirding.com\/wp-content\/uploads\/2024\/02\/Eagle-Vs-Hawk.jpg\" class=\"attachment-large size-large wp-image-2780\" alt=\"Eagle Vs Hawk\" srcset=\"https:\/\/merzougabirding.com\/wp-content\/uploads\/2024\/02\/Eagle-Vs-Hawk.jpg 800w, https:\/\/merzougabirding.com\/wp-content\/uploads\/2024\/02\/Eagle-Vs-Hawk-300x169.jpg 300w, https:\/\/merzougabirding.com\/wp-content\/uploads\/2024\/02\/Eagle-Vs-Hawk-768x432.jpg 768w\" sizes=\"(max-width: 800px) 100vw, 800px\" \/><\/div><\/a>\n\t\t\t\t<div class=\"elementor-post__text\">\n\t\t\t\t<h3 class=\"elementor-post__title\">\n\t\t\t<a href=\"https:\/\/merzougabirding.com\/de\/adler-vs-falke\/\">\n\t\t\t\tAdler vs Falke: Wer ist der wahre K\u00f6nig der L\u00fcfte?\t\t\t<\/a>\n\t\t<\/h3>\n\t\t\t\t<div class=\"elementor-post__excerpt\">\n\t\t\t<p>In der riesigen Welt der Raubv\u00f6gel ragen Adler und Falken als majest\u00e4tische und m\u00e4chtige Raubtiere aus der Luft heraus. F\u00fcr viele Menschen ist es oft schwierig, zwischen diesen pr\u00e4chtigen Kreaturen zu unterscheiden, da beide bestimmte Merkmale gemeinsam haben. In diesem Artikel werden wir uns mit den Unterschieden zwischen Adlern und<\/p>\n\t\t<\/div>\n\t\t\n\t\t<a class=\"elementor-post__read-more\" href=\"https:\/\/merzougabirding.com\/de\/adler-vs-falke\/\" aria-label=\"Read more about Adler vs Falke: Wer ist der wahre K\u00f6nig der L\u00fcfte?\" tabindex=\"-1\">\n\t\t\tRead More \u00bb\t\t<\/a>\n\n\t\t\t\t<\/div>\n\t\t\t\t\t<\/div>\n\t\t<\/article>\n\t\t\t\t<article class=\"elementor-post elementor-grid-item post-3822 post type-post status-publish format-standard has-post-thumbnail hentry category-worldwide-birds category-vogel-weltweit-2 entry has-media\" role=\"listitem\">\n\t\t\t<div class=\"elementor-post__card\">\n\t\t\t\t<a class=\"elementor-post__thumbnail__link\" href=\"https:\/\/merzougabirding.com\/de\/warum-spreizen-vogel-ihre-flugel\/\" tabindex=\"-1\"><div class=\"elementor-post__thumbnail\"><img loading=\"lazy\" decoding=\"async\" width=\"774\" height=\"563\" src=\"https:\/\/merzougabirding.com\/wp-content\/uploads\/2023\/10\/Why-Do-Birds-Spread-Their-Wings-Answered.png\" class=\"attachment-large size-large wp-image-2591\" alt=\"Why Do Birds Spread Their Wings\" srcset=\"https:\/\/merzougabirding.com\/wp-content\/uploads\/2023\/10\/Why-Do-Birds-Spread-Their-Wings-Answered.png 774w, https:\/\/merzougabirding.com\/wp-content\/uploads\/2023\/10\/Why-Do-Birds-Spread-Their-Wings-Answered-300x218.png 300w, https:\/\/merzougabirding.com\/wp-content\/uploads\/2023\/10\/Why-Do-Birds-Spread-Their-Wings-Answered-768x559.png 768w\" sizes=\"(max-width: 774px) 100vw, 774px\" \/><\/div><\/a>\n\t\t\t\t<div class=\"elementor-post__text\">\n\t\t\t\t<h3 class=\"elementor-post__title\">\n\t\t\t<a href=\"https:\/\/merzougabirding.com\/de\/warum-spreizen-vogel-ihre-flugel\/\">\n\t\t\t\tWarum spreizen V\u00f6gel ihre Fl\u00fcgel? (Beantwortet)\t\t\t<\/a>\n\t\t<\/h3>\n\t\t\t\t<div class=\"elementor-post__excerpt\">\n\t\t\t<p>Ich bin sicher, Sie haben schon oft gesehen, wie V\u00f6gel ihre Fl\u00fcgel ausbreiten, und Sie fragen sich, warum sie das tun. Ich werde dir den Grund nennen und erkl\u00e4ren. V\u00f6gel spreizen ihre Fl\u00fcgel aus verschiedenen Gr\u00fcnden, z. B. zur W\u00e4rmeregulierung, um sich abzuk\u00fchlen oder aufzuw\u00e4rmen, um nasse Federn zu trocknen<\/p>\n\t\t<\/div>\n\t\t\n\t\t<a class=\"elementor-post__read-more\" href=\"https:\/\/merzougabirding.com\/de\/warum-spreizen-vogel-ihre-flugel\/\" aria-label=\"Read more about Warum spreizen V\u00f6gel ihre Fl\u00fcgel? (Beantwortet)\" tabindex=\"-1\">\n\t\t\tRead More \u00bb\t\t<\/a>\n\n\t\t\t\t<\/div>\n\t\t\t\t\t<\/div>\n\t\t<\/article>\n\t\t\t\t<\/div>\n\t\t\n\t\t\t\t\t\t<\/div>\n\t\t\t\t<\/div>\n\t\t\t\t<div class=\"elementor-element elementor-element-12ae2910 elementor-widget elementor-widget-spacer\" data-id=\"12ae2910\" data-element_type=\"widget\" data-e-type=\"widget\" data-widget_type=\"spacer.default\">\n\t\t\t\t<div class=\"elementor-widget-container\">\n\t\t\t\t\t\t\t<div class=\"elementor-spacer\">\n\t\t\t<div class=\"elementor-spacer-inner\"><\/div>\n\t\t<\/div>\n\t\t\t\t\t\t<\/div>\n\t\t\t\t<\/div>\n\t\t\t\t<div class=\"elementor-element elementor-element-5d29372b elementor-widget elementor-widget-spacer\" data-id=\"5d29372b\" data-element_type=\"widget\" data-e-type=\"widget\" data-widget_type=\"spacer.default\">\n\t\t\t\t<div class=\"elementor-widget-container\">\n\t\t\t\t\t\t\t<div class=\"elementor-spacer\">\n\t\t\t<div class=\"elementor-spacer-inner\"><\/div>\n\t\t<\/div>\n\t\t\t\t\t\t<\/div>\n\t\t\t\t<\/div>\n\t\t\t\t\t<\/div>\n\t\t<\/div>\n\t\t\t\t\t<\/div>\n\t\t<\/section>\n\t\t\t\t<\/div>\n\t\t","protected":false},"excerpt":{"rendered":"<p>Merzouga Vogelbeobachtung Blog Wenn Sie ein Vogelbeobachter und -liebhaber sind, werden Sie diesen Blog als ein Informationsparadies empfinden, da Sie hier alles finden, was Sie \u00fcber jeden Vogel wissen m\u00fcssen. Wir tun unser Bestes, um Sie mit dem Maximum an Informationen \u00fcber jeden Vogel von Einheimischen zu versorgen.<\/p>\n","protected":false},"author":1,"featured_media":0,"parent":0,"menu_order":0,"comment_status":"closed","ping_status":"closed","template":"elementor_header_footer","meta":{"footnotes":""},"class_list":["post-3446","page","type-page","status-publish","hentry","entry","has-media"],"_links":{"self":[{"href":"https:\/\/merzougabirding.com\/de\/wp-json\/wp\/v2\/pages\/3446","targetHints":{"allow":["GET"]}}],"collection":[{"href":"https:\/\/merzougabirding.com\/de\/wp-json\/wp\/v2\/pages"}],"about":[{"href":"https:\/\/merzougabirding.com\/de\/wp-json\/wp\/v2\/types\/page"}],"author":[{"embeddable":true,"href":"https:\/\/merzougabirding.com\/de\/wp-json\/wp\/v2\/users\/1"}],"replies":[{"embeddable":true,"href":"https:\/\/merzougabirding.com\/de\/wp-json\/wp\/v2\/comments?post=3446"}],"version-history":[{"count":4,"href":"https:\/\/merzougabirding.com\/de\/wp-json\/wp\/v2\/pages\/3446\/revisions"}],"predecessor-version":[{"id":3450,"href":"https:\/\/merzougabirding.com\/de\/wp-json\/wp\/v2\/pages\/3446\/revisions\/3450"}],"wp:attachment":[{"href":"https:\/\/merzougabirding.com\/de\/wp-json\/wp\/v2\/media?parent=3446"}],"curies":[{"name":"wp","href":"https:\/\/api.w.org\/{rel}","templated":true}]}}