{"id":3433,"date":"2026-01-16T15:25:11","date_gmt":"2026-01-16T15:25:11","guid":{"rendered":"https:\/\/merzougabirding.com\/?page_id=3433"},"modified":"2026-01-31T18:30:59","modified_gmt":"2026-01-31T18:30:59","slug":"1-ganzer-tag-merzouga-vogelbeobachtung","status":"publish","type":"page","link":"https:\/\/merzougabirding.com\/de\/1-ganzer-tag-merzouga-vogelbeobachtung\/","title":{"rendered":"1 ganzer Tag Merzouga Vogelbeobachtung"},"content":{"rendered":"\t\t<div data-elementor-type=\"wp-page\" data-elementor-id=\"3433\" class=\"elementor elementor-3433 elementor-4370\" data-elementor-post-type=\"page\">\n\t\t\t\t\t\t<section class=\"elementor-section elementor-top-section elementor-element elementor-element-e50f1c4 elementor-section-boxed elementor-section-height-default elementor-section-height-default\" data-id=\"e50f1c4\" data-element_type=\"section\" data-e-type=\"section\">\n\t\t\t\t\t\t<div class=\"elementor-container elementor-column-gap-default\">\n\t\t\t\t\t<div class=\"elementor-column elementor-col-100 elementor-top-column elementor-element elementor-element-2cd358d\" data-id=\"2cd358d\" data-element_type=\"column\" data-e-type=\"column\">\n\t\t\t<div class=\"elementor-widget-wrap elementor-element-populated\">\n\t\t\t\t\t\t<div class=\"elementor-element elementor-element-f617307 elementor-widget elementor-widget-heading\" data-id=\"f617307\" data-element_type=\"widget\" data-e-type=\"widget\" data-widget_type=\"heading.default\">\n\t\t\t\t<div class=\"elementor-widget-container\">\n\t\t\t\t\t<h1 class=\"elementor-heading-title elementor-size-default\">1 ganzer Tag Merzouga Vogelbeobachtung<\/h1>\t\t\t\t<\/div>\n\t\t\t\t<\/div>\n\t\t\t\t\t<\/div>\n\t\t<\/div>\n\t\t\t\t\t<\/div>\n\t\t<\/section>\n\t\t\t\t<section class=\"elementor-section elementor-top-section elementor-element elementor-element-3a0cc4c elementor-section-boxed elementor-section-height-default elementor-section-height-default\" data-id=\"3a0cc4c\" data-element_type=\"section\" data-e-type=\"section\">\n\t\t\t\t\t\t<div class=\"elementor-container elementor-column-gap-default\">\n\t\t\t\t\t<div class=\"elementor-column elementor-col-100 elementor-top-column elementor-element elementor-element-6ce75e7\" data-id=\"6ce75e7\" data-element_type=\"column\" data-e-type=\"column\">\n\t\t\t<div class=\"elementor-widget-wrap elementor-element-populated\">\n\t\t\t\t\t\t<div class=\"elementor-element elementor-element-982e5b9 elementor-widget elementor-widget-text-editor\" data-id=\"982e5b9\" data-element_type=\"widget\" data-e-type=\"widget\" data-widget_type=\"text-editor.default\">\n\t\t\t\t<div class=\"elementor-widget-container\">\n\t\t\t\t\t\t\t\t\t<p>1 ganzt\u00e4gige Merzouga-Vogelbeobachtung ist eine Exkursion mit einem lokalen F\u00fchrer, bei der Sie die seltensten W\u00fcstenv\u00f6gel entdecken und etwas \u00fcber ihr Verhalten und ihre Lebensr\u00e4ume in der Merzouga-W\u00fcste erfahren.<\/p>\t\t\t\t\t\t\t\t<\/div>\n\t\t\t\t<\/div>\n\t\t\t\t\t<\/div>\n\t\t<\/div>\n\t\t\t\t\t<\/div>\n\t\t<\/section>\n\t\t\t\t<section class=\"elementor-section elementor-top-section elementor-element elementor-element-7db1ab1 elementor-section-boxed elementor-section-height-default elementor-section-height-default\" data-id=\"7db1ab1\" data-element_type=\"section\" data-e-type=\"section\">\n\t\t\t\t\t\t<div class=\"elementor-container elementor-column-gap-default\">\n\t\t\t\t\t<div class=\"elementor-column elementor-col-100 elementor-top-column elementor-element elementor-element-fed89e3\" data-id=\"fed89e3\" data-element_type=\"column\" data-e-type=\"column\">\n\t\t\t<div class=\"elementor-widget-wrap elementor-element-populated\">\n\t\t\t\t\t\t<div class=\"elementor-element elementor-element-236e466 elementor-widget elementor-widget-gallery\" data-id=\"236e466\" data-element_type=\"widget\" data-e-type=\"widget\" data-settings=\"{&quot;gallery_layout&quot;:&quot;masonry&quot;,&quot;columns&quot;:3,&quot;lazyload&quot;:&quot;yes&quot;,&quot;columns_tablet&quot;:2,&quot;columns_mobile&quot;:1,&quot;gap&quot;:{&quot;unit&quot;:&quot;px&quot;,&quot;size&quot;:10,&quot;sizes&quot;:[]},&quot;gap_tablet&quot;:{&quot;unit&quot;:&quot;px&quot;,&quot;size&quot;:10,&quot;sizes&quot;:[]},&quot;gap_mobile&quot;:{&quot;unit&quot;:&quot;px&quot;,&quot;size&quot;:10,&quot;sizes&quot;:[]},&quot;link_to&quot;:&quot;file&quot;,&quot;overlay_background&quot;:&quot;yes&quot;,&quot;content_hover_animation&quot;:&quot;fade-in&quot;}\" data-widget_type=\"gallery.default\">\n\t\t\t\t<div class=\"elementor-widget-container\">\n\t\t\t\t\t\t\t<div class=\"elementor-gallery__container\">\n\t\t\t\t\t\t\t<a class=\"e-gallery-item elementor-gallery-item elementor-animated-content\" href=\"https:\/\/merzougabirding.com\/wp-content\/uploads\/2024\/04\/Trumpeter-Finch.jpg\" data-elementor-open-lightbox=\"yes\" data-elementor-lightbox-slideshow=\"236e466\" data-elementor-lightbox-title=\"Trumpeter Finch\" data-e-action-hash=\"#elementor-action%3Aaction%3Dlightbox%26settings%3DeyJpZCI6MzMxMiwidXJsIjoiaHR0cHM6XC9cL21lcnpvdWdhYmlyZGluZy5jb21cL3dwLWNvbnRlbnRcL3VwbG9hZHNcLzIwMjRcLzA0XC9UcnVtcGV0ZXItRmluY2guanBnIiwic2xpZGVzaG93IjoiMjM2ZTQ2NiJ9\">\n\t\t\t\t\t<div class=\"e-gallery-image elementor-gallery-item__image\" data-thumbnail=\"https:\/\/merzougabirding.com\/wp-content\/uploads\/2024\/04\/Trumpeter-Finch-300x200.jpg\" data-width=\"300\" data-height=\"200\" aria-label=\"Trumpeter Finch\" role=\"img\" ><\/div>\n\t\t\t\t\t\t\t\t\t\t\t<div class=\"elementor-gallery-item__overlay\"><\/div>\n\t\t\t\t\t\t\t\t\t\t\t\t\t\t<\/a>\n\t\t\t\t\t\t\t<a class=\"e-gallery-item elementor-gallery-item elementor-animated-content\" href=\"https:\/\/merzougabirding.com\/wp-content\/uploads\/2024\/04\/Spotted-sandgrouses-birds.jpg\" data-elementor-open-lightbox=\"yes\" data-elementor-lightbox-slideshow=\"236e466\" data-elementor-lightbox-title=\"Spotted sandgrouses birds\" data-e-action-hash=\"#elementor-action%3Aaction%3Dlightbox%26settings%3DeyJpZCI6MzMxMSwidXJsIjoiaHR0cHM6XC9cL21lcnpvdWdhYmlyZGluZy5jb21cL3dwLWNvbnRlbnRcL3VwbG9hZHNcLzIwMjRcLzA0XC9TcG90dGVkLXNhbmRncm91c2VzLWJpcmRzLmpwZyIsInNsaWRlc2hvdyI6IjIzNmU0NjYifQ%3D%3D\">\n\t\t\t\t\t<div class=\"e-gallery-image elementor-gallery-item__image\" data-thumbnail=\"https:\/\/merzougabirding.com\/wp-content\/uploads\/2024\/04\/Spotted-sandgrouses-birds-300x200.jpg\" data-width=\"300\" data-height=\"200\" aria-label=\"Spotted sandgrouses birds\" role=\"img\" ><\/div>\n\t\t\t\t\t\t\t\t\t\t\t<div class=\"elementor-gallery-item__overlay\"><\/div>\n\t\t\t\t\t\t\t\t\t\t\t\t\t\t<\/a>\n\t\t\t\t\t\t\t<a class=\"e-gallery-item elementor-gallery-item elementor-animated-content\" href=\"https:\/\/merzougabirding.com\/wp-content\/uploads\/2024\/04\/Desert-Sparrow.jpg\" data-elementor-open-lightbox=\"yes\" data-elementor-lightbox-slideshow=\"236e466\" data-elementor-lightbox-title=\"Desert Sparrow bird\" data-e-action-hash=\"#elementor-action%3Aaction%3Dlightbox%26settings%3DeyJpZCI6MzMxMCwidXJsIjoiaHR0cHM6XC9cL21lcnpvdWdhYmlyZGluZy5jb21cL3dwLWNvbnRlbnRcL3VwbG9hZHNcLzIwMjRcLzA0XC9EZXNlcnQtU3BhcnJvdy5qcGciLCJzbGlkZXNob3ciOiIyMzZlNDY2In0%3D\">\n\t\t\t\t\t<div class=\"e-gallery-image elementor-gallery-item__image\" data-thumbnail=\"https:\/\/merzougabirding.com\/wp-content\/uploads\/2024\/04\/Desert-Sparrow-300x200.jpg\" data-width=\"300\" data-height=\"200\" aria-label=\"Desert Sparrow bird\" role=\"img\" ><\/div>\n\t\t\t\t\t\t\t\t\t\t\t<div class=\"elementor-gallery-item__overlay\"><\/div>\n\t\t\t\t\t\t\t\t\t\t\t\t\t\t<\/a>\n\t\t\t\t\t\t\t<a class=\"e-gallery-item elementor-gallery-item elementor-animated-content\" href=\"https:\/\/merzougabirding.com\/wp-content\/uploads\/2024\/04\/Fulvous-babbler.jpg\" data-elementor-open-lightbox=\"yes\" data-elementor-lightbox-slideshow=\"236e466\" data-elementor-lightbox-title=\"Fulvous babbler\" data-e-action-hash=\"#elementor-action%3Aaction%3Dlightbox%26settings%3DeyJpZCI6MzMxMywidXJsIjoiaHR0cHM6XC9cL21lcnpvdWdhYmlyZGluZy5jb21cL3dwLWNvbnRlbnRcL3VwbG9hZHNcLzIwMjRcLzA0XC9GdWx2b3VzLWJhYmJsZXIuanBnIiwic2xpZGVzaG93IjoiMjM2ZTQ2NiJ9\">\n\t\t\t\t\t<div class=\"e-gallery-image elementor-gallery-item__image\" data-thumbnail=\"https:\/\/merzougabirding.com\/wp-content\/uploads\/2024\/04\/Fulvous-babbler-300x200.jpg\" data-width=\"300\" data-height=\"200\" aria-label=\"Fulvous babbler\" role=\"img\" ><\/div>\n\t\t\t\t\t\t\t\t\t\t\t<div class=\"elementor-gallery-item__overlay\"><\/div>\n\t\t\t\t\t\t\t\t\t\t\t\t\t\t<\/a>\n\t\t\t\t\t\t\t<a class=\"e-gallery-item elementor-gallery-item elementor-animated-content\" href=\"https:\/\/merzougabirding.com\/wp-content\/uploads\/2024\/04\/Merzouga-Birding-local-guide.jpg\" data-elementor-open-lightbox=\"yes\" data-elementor-lightbox-slideshow=\"236e466\" data-elementor-lightbox-title=\"Merzouga Birding local guide\" data-e-action-hash=\"#elementor-action%3Aaction%3Dlightbox%26settings%3DeyJpZCI6MzMxNCwidXJsIjoiaHR0cHM6XC9cL21lcnpvdWdhYmlyZGluZy5jb21cL3dwLWNvbnRlbnRcL3VwbG9hZHNcLzIwMjRcLzA0XC9NZXJ6b3VnYS1CaXJkaW5nLWxvY2FsLWd1aWRlLmpwZyIsInNsaWRlc2hvdyI6IjIzNmU0NjYifQ%3D%3D\">\n\t\t\t\t\t<div class=\"e-gallery-image elementor-gallery-item__image\" data-thumbnail=\"https:\/\/merzougabirding.com\/wp-content\/uploads\/2024\/04\/Merzouga-Birding-local-guide-300x200.jpg\" data-width=\"300\" data-height=\"200\" aria-label=\"Merzouga Birding local guide\" role=\"img\" ><\/div>\n\t\t\t\t\t\t\t\t\t\t\t<div class=\"elementor-gallery-item__overlay\"><\/div>\n\t\t\t\t\t\t\t\t\t\t\t\t\t\t<\/a>\n\t\t\t\t\t\t\t<a class=\"e-gallery-item elementor-gallery-item elementor-animated-content\" href=\"https:\/\/merzougabirding.com\/wp-content\/uploads\/2024\/04\/Greater-hoopoe-lark-3.jpg\" data-elementor-open-lightbox=\"yes\" data-elementor-lightbox-slideshow=\"236e466\" data-elementor-lightbox-title=\"Greater hoopoe lark\" data-e-action-hash=\"#elementor-action%3Aaction%3Dlightbox%26settings%3DeyJpZCI6MzMxNSwidXJsIjoiaHR0cHM6XC9cL21lcnpvdWdhYmlyZGluZy5jb21cL3dwLWNvbnRlbnRcL3VwbG9hZHNcLzIwMjRcLzA0XC9HcmVhdGVyLWhvb3BvZS1sYXJrLTMuanBnIiwic2xpZGVzaG93IjoiMjM2ZTQ2NiJ9\">\n\t\t\t\t\t<div class=\"e-gallery-image elementor-gallery-item__image\" data-thumbnail=\"https:\/\/merzougabirding.com\/wp-content\/uploads\/2024\/04\/Greater-hoopoe-lark-3-300x200.jpg\" data-width=\"300\" data-height=\"200\" aria-label=\"Greater hoopoe lark\" role=\"img\" ><\/div>\n\t\t\t\t\t\t\t\t\t\t\t<div class=\"elementor-gallery-item__overlay\"><\/div>\n\t\t\t\t\t\t\t\t\t\t\t\t\t\t<\/a>\n\t\t\t\t\t<\/div>\n\t\t\t\t\t<\/div>\n\t\t\t\t<\/div>\n\t\t\t\t\t<\/div>\n\t\t<\/div>\n\t\t\t\t\t<\/div>\n\t\t<\/section>\n\t\t\t\t<section class=\"elementor-section elementor-top-section elementor-element elementor-element-f621bc5 elementor-section-boxed elementor-section-height-default elementor-section-height-default\" data-id=\"f621bc5\" data-element_type=\"section\" data-e-type=\"section\">\n\t\t\t\t\t\t<div class=\"elementor-container elementor-column-gap-default\">\n\t\t\t\t\t<div class=\"elementor-column elementor-col-50 elementor-top-column elementor-element elementor-element-414a69b\" data-id=\"414a69b\" data-element_type=\"column\" data-e-type=\"column\">\n\t\t\t<div class=\"elementor-widget-wrap elementor-element-populated\">\n\t\t\t\t\t\t<div class=\"elementor-element elementor-element-cf94fc4 elementor-widget elementor-widget-text-editor\" data-id=\"cf94fc4\" data-element_type=\"widget\" data-e-type=\"widget\" data-widget_type=\"text-editor.default\">\n\t\t\t\t<div class=\"elementor-widget-container\">\n\t\t\t\t\t\t\t\t\t<p>F\u00fcr die Vogelbeobachtungsexkursion in Merzouga f\u00fcr Vogelbeobachter m\u00fcssen Sie einen Tag vor dem Abreisetermin anreisen, da Sie Ihre Reise fr\u00fch vor Sonnenaufgang beginnen werden. Der \u00f6rtliche Reiseleiter holt Sie von Ihrem Hotel ab und dann starten Sie Ihre Exkursion mit einem 4&#215;4-Auto.<\/p><p>Vor der Abfahrt m\u00fcssen Sie ein Sandwich mitnehmen, um in der Mitte des Tages unter einem Baum in der schwarzen W\u00fcste ein Picknick zu machen und weiter nach Ihren Zielv\u00f6geln zu suchen.<\/p><p><br \/>Das erste Ziel ist ein Ort, an dem Sie gefleckte und gekr\u00f6nte Sandflugh\u00fchner in einem kleinen See finden, wo sie trinken. Sie werden genug Zeit haben, um sie zu fotografieren, gefolgt von anderen V\u00f6geln wie dem W\u00fcstensperling, der Wiedehopflerche, dem \u00c4gyptischen Ziegenmelker, dem Raubw\u00fcrger, dem Tristram-Walds\u00e4nger, dem R\u00f6telritter, dem Drosselrohrs\u00e4nger, dem W\u00fcstensteinschm\u00e4tzer, dem Schwarzen Steinschm\u00e4tzer, dem Afrikanischen W\u00fcstengrasm\u00fccken, dem Trompeterfink&#8230;<\/p><p>in einem ausgetrockneten Fluss in der N\u00e4he des Erg-Chebbi besteht eine Chance von 30 %, einen der W\u00fcsten-Raubv\u00f6gel wie den Berberfalken zu sehen. Nach der Exkursion um den Erg-Chebbi fahren Sie zur\u00fcck nach HassiLabiad in der N\u00e4he von Merzouga Igran, wo Sie auf den vielen Feldern einige V\u00f6gel wie Lachtaube, Tristramgrasm\u00fccke, Haussperling, Schwarzsteinschm\u00e4tzer&#8230; beobachten k\u00f6nnen.<\/p><p>Wenn Sie interessiert sind, z\u00f6gern Sie nicht uns zu kontaktieren<\/p>\t\t\t\t\t\t\t\t<\/div>\n\t\t\t\t<\/div>\n\t\t\t\t\t<\/div>\n\t\t<\/div>\n\t\t\t\t<div class=\"elementor-column elementor-col-50 elementor-top-column elementor-element elementor-element-aa0bd03\" data-id=\"aa0bd03\" data-element_type=\"column\" data-e-type=\"column\">\n\t\t\t<div class=\"elementor-widget-wrap elementor-element-populated\">\n\t\t\t\t\t\t<div class=\"elementor-element elementor-element-07f4d39 elementor-widget elementor-widget-heading\" data-id=\"07f4d39\" data-element_type=\"widget\" data-e-type=\"widget\" data-widget_type=\"heading.default\">\n\t\t\t\t<div class=\"elementor-widget-container\">\n\t\t\t\t\t<h2 class=\"elementor-heading-title elementor-size-default\">Was Sie mitbringen sollten<\/h2>\t\t\t\t<\/div>\n\t\t\t\t<\/div>\n\t\t\t\t<div class=\"elementor-element elementor-element-49f448f elementor-icon-list--layout-traditional elementor-list-item-link-full_width elementor-widget elementor-widget-icon-list\" data-id=\"49f448f\" data-element_type=\"widget\" data-e-type=\"widget\" data-widget_type=\"icon-list.default\">\n\t\t\t\t<div class=\"elementor-widget-container\">\n\t\t\t\t\t\t\t<ul class=\"elementor-icon-list-items\">\n\t\t\t\t\t\t\t<li class=\"elementor-icon-list-item\">\n\t\t\t\t\t\t\t\t\t\t\t<span class=\"elementor-icon-list-icon\">\n\t\t\t\t\t\t\t<i aria-hidden=\"true\" class=\"fas fa-check\"><\/i>\t\t\t\t\t\t<\/span>\n\t\t\t\t\t\t\t\t\t\t<span class=\"elementor-icon-list-text\">Ferngl\u00e4ser<\/span>\n\t\t\t\t\t\t\t\t\t<\/li>\n\t\t\t\t\t\t\t\t<li class=\"elementor-icon-list-item\">\n\t\t\t\t\t\t\t\t\t\t\t<span class=\"elementor-icon-list-icon\">\n\t\t\t\t\t\t\t<i aria-hidden=\"true\" class=\"fas fa-check\"><\/i>\t\t\t\t\t\t<\/span>\n\t\t\t\t\t\t\t\t\t\t<span class=\"elementor-icon-list-text\">Eine Kamera mit einem guten Zoomobjektiv<\/span>\n\t\t\t\t\t\t\t\t\t<\/li>\n\t\t\t\t\t\t\t\t<li class=\"elementor-icon-list-item\">\n\t\t\t\t\t\t\t\t\t\t\t<span class=\"elementor-icon-list-icon\">\n\t\t\t\t\t\t\t<i aria-hidden=\"true\" class=\"fas fa-check\"><\/i>\t\t\t\t\t\t<\/span>\n\t\t\t\t\t\t\t\t\t\t<span class=\"elementor-icon-list-text\">Sonnencreme, Hut und Sonnenbrille<\/span>\n\t\t\t\t\t\t\t\t\t<\/li>\n\t\t\t\t\t\t\t\t<li class=\"elementor-icon-list-item\">\n\t\t\t\t\t\t\t\t\t\t\t<span class=\"elementor-icon-list-icon\">\n\t\t\t\t\t\t\t<i aria-hidden=\"true\" class=\"fas fa-check\"><\/i>\t\t\t\t\t\t<\/span>\n\t\t\t\t\t\t\t\t\t\t<span class=\"elementor-icon-list-text\">Bequeme Wanderschuhe<\/span>\n\t\t\t\t\t\t\t\t\t<\/li>\n\t\t\t\t\t\t\t\t<li class=\"elementor-icon-list-item\">\n\t\t\t\t\t\t\t\t\t\t\t<span class=\"elementor-icon-list-icon\">\n\t\t\t\t\t\t\t<i aria-hidden=\"true\" class=\"fas fa-check\"><\/i>\t\t\t\t\t\t<\/span>\n\t\t\t\t\t\t\t\t\t\t<span class=\"elementor-icon-list-text\">Bequeme Wanderschuhe<\/span>\n\t\t\t\t\t\t\t\t\t<\/li>\n\t\t\t\t\t\t\t\t<li class=\"elementor-icon-list-item\">\n\t\t\t\t\t\t\t\t\t\t\t<span class=\"elementor-icon-list-icon\">\n\t\t\t\t\t\t\t<i aria-hidden=\"true\" class=\"fas fa-check\"><\/i>\t\t\t\t\t\t<\/span>\n\t\t\t\t\t\t\t\t\t\t<span class=\"elementor-icon-list-text\">Imbisse<\/span>\n\t\t\t\t\t\t\t\t\t<\/li>\n\t\t\t\t\t\t\t\t<li class=\"elementor-icon-list-item\">\n\t\t\t\t\t\t\t\t\t\t\t<span class=\"elementor-icon-list-icon\">\n\t\t\t\t\t\t\t<i aria-hidden=\"true\" class=\"fas fa-check\"><\/i>\t\t\t\t\t\t<\/span>\n\t\t\t\t\t\t\t\t\t\t<span class=\"elementor-icon-list-text\">Ein Anwendungsbereich, aber optional<\/span>\n\t\t\t\t\t\t\t\t\t<\/li>\n\t\t\t\t\t\t<\/ul>\n\t\t\t\t\t\t<\/div>\n\t\t\t\t<\/div>\n\t\t\t\t\t<\/div>\n\t\t<\/div>\n\t\t\t\t\t<\/div>\n\t\t<\/section>\n\t\t\t\t<section class=\"elementor-section elementor-top-section elementor-element elementor-element-fb3baf6 elementor-section-boxed elementor-section-height-default elementor-section-height-default\" data-id=\"fb3baf6\" data-element_type=\"section\" data-e-type=\"section\" data-settings=\"{&quot;background_background&quot;:&quot;classic&quot;}\">\n\t\t\t\t\t\t\t<div class=\"elementor-background-overlay\"><\/div>\n\t\t\t\t\t\t\t<div class=\"elementor-container elementor-column-gap-default\">\n\t\t\t\t\t<div class=\"elementor-column elementor-col-100 elementor-top-column elementor-element elementor-element-3430a0b\" data-id=\"3430a0b\" data-element_type=\"column\" data-e-type=\"column\">\n\t\t\t<div class=\"elementor-widget-wrap elementor-element-populated\">\n\t\t\t\t\t\t<div class=\"elementor-element elementor-element-f830401 elementor-widget elementor-widget-heading\" data-id=\"f830401\" data-element_type=\"widget\" data-e-type=\"widget\" data-widget_type=\"heading.default\">\n\t\t\t\t<div class=\"elementor-widget-container\">\n\t\t\t\t\t<h2 class=\"elementor-heading-title elementor-size-default\">Vogelbeobachtungen in Merzouga<\/h2>\t\t\t\t<\/div>\n\t\t\t\t<\/div>\n\t\t\t\t<section class=\"elementor-section elementor-inner-section elementor-element elementor-element-aaf7eda elementor-section-boxed elementor-section-height-default elementor-section-height-default\" data-id=\"aaf7eda\" data-element_type=\"section\" data-e-type=\"section\">\n\t\t\t\t\t\t<div class=\"elementor-container elementor-column-gap-default\">\n\t\t\t\t\t<div class=\"elementor-column elementor-col-50 elementor-inner-column elementor-element elementor-element-7be9b7f\" data-id=\"7be9b7f\" data-element_type=\"column\" data-e-type=\"column\">\n\t\t\t<div class=\"elementor-widget-wrap elementor-element-populated\">\n\t\t\t\t\t\t<div class=\"elementor-element elementor-element-af80191 elementor-align-center elementor-icon-list--layout-traditional elementor-list-item-link-full_width elementor-widget elementor-widget-icon-list\" data-id=\"af80191\" data-element_type=\"widget\" data-e-type=\"widget\" data-widget_type=\"icon-list.default\">\n\t\t\t\t<div class=\"elementor-widget-container\">\n\t\t\t\t\t\t\t<ul class=\"elementor-icon-list-items\">\n\t\t\t\t\t\t\t<li class=\"elementor-icon-list-item\">\n\t\t\t\t\t\t\t\t\t\t<span class=\"elementor-icon-list-text\">W\u00fcstensperling<\/span>\n\t\t\t\t\t\t\t\t\t<\/li>\n\t\t\t\t\t\t\t\t<li class=\"elementor-icon-list-item\">\n\t\t\t\t\t\t\t\t\t\t<span class=\"elementor-icon-list-text\">Drosselrohrs\u00e4nger<\/span>\n\t\t\t\t\t\t\t\t\t<\/li>\n\t\t\t\t\t\t\t\t<li class=\"elementor-icon-list-item\">\n\t\t\t\t\t\t\t\t\t\t<span class=\"elementor-icon-list-text\">Akaziendrossling<\/span>\n\t\t\t\t\t\t\t\t\t<\/li>\n\t\t\t\t\t\t\t\t<li class=\"elementor-icon-list-item\">\n\t\t\t\t\t\t\t\t\t\t<span class=\"elementor-icon-list-text\">Tropfenflughuhn<\/span>\n\t\t\t\t\t\t\t\t\t<\/li>\n\t\t\t\t\t\t\t\t<li class=\"elementor-icon-list-item\">\n\t\t\t\t\t\t\t\t\t\t<span class=\"elementor-icon-list-text\">gekr\u00f6ntes Sandhuhn<\/span>\n\t\t\t\t\t\t\t\t\t<\/li>\n\t\t\t\t\t\t\t\t<li class=\"elementor-icon-list-item\">\n\t\t\t\t\t\t\t\t\t\t<span class=\"elementor-icon-list-text\">Trauersteinschm\u00e4tzer<\/span>\n\t\t\t\t\t\t\t\t\t<\/li>\n\t\t\t\t\t\t\t\t<li class=\"elementor-icon-list-item\">\n\t\t\t\t\t\t\t\t\t\t<span class=\"elementor-icon-list-text\">W\u00fcstensteinschm\u00e4tzer<\/span>\n\t\t\t\t\t\t\t\t\t<\/li>\n\t\t\t\t\t\t\t\t<li class=\"elementor-icon-list-item\">\n\t\t\t\t\t\t\t\t\t\t<span class=\"elementor-icon-list-text\">Raubw\u00fcrger<\/span>\n\t\t\t\t\t\t\t\t\t<\/li>\n\t\t\t\t\t\t<\/ul>\n\t\t\t\t\t\t<\/div>\n\t\t\t\t<\/div>\n\t\t\t\t\t<\/div>\n\t\t<\/div>\n\t\t\t\t<div class=\"elementor-column elementor-col-50 elementor-inner-column elementor-element elementor-element-cafe363\" data-id=\"cafe363\" data-element_type=\"column\" data-e-type=\"column\">\n\t\t\t<div class=\"elementor-widget-wrap elementor-element-populated\">\n\t\t\t\t\t\t<div class=\"elementor-element elementor-element-6cbe9bb elementor-align-center elementor-icon-list--layout-traditional elementor-list-item-link-full_width elementor-widget elementor-widget-icon-list\" data-id=\"6cbe9bb\" data-element_type=\"widget\" data-e-type=\"widget\" data-widget_type=\"icon-list.default\">\n\t\t\t\t<div class=\"elementor-widget-container\">\n\t\t\t\t\t\t\t<ul class=\"elementor-icon-list-items\">\n\t\t\t\t\t\t\t<li class=\"elementor-icon-list-item\">\n\t\t\t\t\t\t\t\t\t\t<span class=\"elementor-icon-list-text\">Wiedehopflerche<\/span>\n\t\t\t\t\t\t\t\t\t<\/li>\n\t\t\t\t\t\t\t\t<li class=\"elementor-icon-list-item\">\n\t\t\t\t\t\t\t\t\t\t<span class=\"elementor-icon-list-text\">Pharaonenenachtschwalbe<\/span>\n\t\t\t\t\t\t\t\t\t<\/li>\n\t\t\t\t\t\t\t\t<li class=\"elementor-icon-list-item\">\n\t\t\t\t\t\t\t\t\t\t<span class=\"elementor-icon-list-text\">Tristramgrasm\u00fccke<\/span>\n\t\t\t\t\t\t\t\t\t<\/li>\n\t\t\t\t\t\t\t\t<li class=\"elementor-icon-list-item\">\n\t\t\t\t\t\t\t\t\t\t<span class=\"elementor-icon-list-text\">Cremefarbener Courser<\/span>\n\t\t\t\t\t\t\t\t\t<\/li>\n\t\t\t\t\t\t\t\t<li class=\"elementor-icon-list-item\">\n\t\t\t\t\t\t\t\t\t\t<span class=\"elementor-icon-list-text\">Fulvousschw\u00e4tzer<\/span>\n\t\t\t\t\t\t\t\t\t<\/li>\n\t\t\t\t\t\t\t\t<li class=\"elementor-icon-list-item\">\n\t\t\t\t\t\t\t\t\t\t<span class=\"elementor-icon-list-text\">Turteltaube<\/span>\n\t\t\t\t\t\t\t\t\t<\/li>\n\t\t\t\t\t\t\t\t<li class=\"elementor-icon-list-item\">\n\t\t\t\t\t\t\t\t\t\t<span class=\"elementor-icon-list-text\">Trompetergimpel<\/span>\n\t\t\t\t\t\t\t\t\t<\/li>\n\t\t\t\t\t\t\t\t<li class=\"elementor-icon-list-item\">\n\t\t\t\t\t\t\t\t\t\t<span class=\"elementor-icon-list-text\">Haussperling<\/span>\n\t\t\t\t\t\t\t\t\t<\/li>\n\t\t\t\t\t\t<\/ul>\n\t\t\t\t\t\t<\/div>\n\t\t\t\t<\/div>\n\t\t\t\t\t<\/div>\n\t\t<\/div>\n\t\t\t\t\t<\/div>\n\t\t<\/section>\n\t\t\t\t\t<\/div>\n\t\t<\/div>\n\t\t\t\t\t<\/div>\n\t\t<\/section>\n\t\t\t\t<\/div>\n\t\t","protected":false},"excerpt":{"rendered":"<p>1 ganzer Tag Merzouga Vogelbeobachtung 1 ganzt\u00e4gige Merzouga-Vogelbeobachtung ist eine Exkursion mit einem lokalen F\u00fchrer, bei der Sie die seltensten W\u00fcstenv\u00f6gel entdecken und etwas \u00fcber ihr Verhalten und ihre Lebensr\u00e4ume in der Merzouga-W\u00fcste erfahren. F\u00fcr die Vogelbeobachtungsexkursion in Merzouga f\u00fcr Vogelbeobachter m\u00fcssen Sie einen Tag vor dem Abreisetermin anreisen, da Sie Ihre Reise fr\u00fch vor [&hellip;]<\/p>\n","protected":false},"author":1,"featured_media":0,"parent":0,"menu_order":0,"comment_status":"closed","ping_status":"closed","template":"elementor_header_footer","meta":{"footnotes":""},"class_list":["post-3433","page","type-page","status-publish","hentry","entry"],"_links":{"self":[{"href":"https:\/\/merzougabirding.com\/de\/wp-json\/wp\/v2\/pages\/3433","targetHints":{"allow":["GET"]}}],"collection":[{"href":"https:\/\/merzougabirding.com\/de\/wp-json\/wp\/v2\/pages"}],"about":[{"href":"https:\/\/merzougabirding.com\/de\/wp-json\/wp\/v2\/types\/page"}],"author":[{"embeddable":true,"href":"https:\/\/merzougabirding.com\/de\/wp-json\/wp\/v2\/users\/1"}],"replies":[{"embeddable":true,"href":"https:\/\/merzougabirding.com\/de\/wp-json\/wp\/v2\/comments?post=3433"}],"version-history":[{"count":10,"href":"https:\/\/merzougabirding.com\/de\/wp-json\/wp\/v2\/pages\/3433\/revisions"}],"predecessor-version":[{"id":4471,"href":"https:\/\/merzougabirding.com\/de\/wp-json\/wp\/v2\/pages\/3433\/revisions\/4471"}],"wp:attachment":[{"href":"https:\/\/merzougabirding.com\/de\/wp-json\/wp\/v2\/media?parent=3433"}],"curies":[{"name":"wp","href":"https:\/\/api.w.org\/{rel}","templated":true}]}}